{"id":58,"date":"2018-01-15T18:56:05","date_gmt":"2018-01-15T17:56:05","guid":{"rendered":"http:\/\/pragma-security.com\/?page_id=58"},"modified":"2019-07-22T16:14:00","modified_gmt":"2019-07-22T14:14:00","slug":"monitoring-bgp","status":"publish","type":"page","link":"https:\/\/pragma-security.com\/index.php\/monitoring-bgp\/","title":{"rendered":"Monitoring BGP"},"content":{"rendered":"\t\t<div data-elementor-type=\"wp-post\" data-elementor-id=\"58\" class=\"elementor elementor-58\">\n\t\t\t\t\t\t<div class=\"elementor-inner\">\n\t\t\t\t<div class=\"elementor-section-wrap\">\n\t\t\t\t\t\t\t\t\t<section class=\"elementor-section elementor-top-section elementor-element elementor-element-497f0274 elementor-section-height-min-height elementor-section-boxed elementor-section-height-default elementor-section-items-middle\" data-id=\"497f0274\" data-element_type=\"section\" data-settings=\"{&quot;background_background&quot;:&quot;classic&quot;}\">\n\t\t\t\t\t\t\t<div class=\"elementor-background-overlay\"><\/div>\n\t\t\t\t\t\t\t<div class=\"elementor-container elementor-column-gap-default\">\n\t\t\t\t\t\t\t<div class=\"elementor-row\">\n\t\t\t\t\t<div class=\"aux-parallax-section elementor-column elementor-col-100 elementor-top-column elementor-element elementor-element-7b375a3a\" data-id=\"7b375a3a\" data-element_type=\"column\">\n\t\t\t<div class=\"elementor-column-wrap elementor-element-populated\">\n\t\t\t\t\t\t\t<div class=\"elementor-widget-wrap\">\n\t\t\t\t\t\t<div class=\"elementor-element elementor-element-30b802c7 elementor-widget elementor-widget-heading\" data-id=\"30b802c7\" data-element_type=\"widget\" data-widget_type=\"heading.default\">\n\t\t\t\t<div class=\"elementor-widget-container\">\n\t\t\t<h2 class=\"elementor-heading-title elementor-size-large\">MONITORING BGP RADAR<\/h2>\t\t<\/div>\n\t\t\t\t<\/div>\n\t\t\t\t<div class=\"elementor-element elementor-element-458c4c84 elementor-widget-divider--view-line elementor-widget elementor-widget-divider\" data-id=\"458c4c84\" data-element_type=\"widget\" data-widget_type=\"divider.default\">\n\t\t\t\t<div class=\"elementor-widget-container\">\n\t\t\t\t\t<div class=\"elementor-divider\">\n\t\t\t<span class=\"elementor-divider-separator\">\n\t\t\t\t\t\t<\/span>\n\t\t<\/div>\n\t\t\t\t<\/div>\n\t\t\t\t<\/div>\n\t\t\t\t\t\t<\/div>\n\t\t\t\t\t<\/div>\n\t\t<\/div>\n\t\t\t\t\t\t\t\t<\/div>\n\t\t\t\t\t<\/div>\n\t\t<\/section>\n\t\t\t\t<section class=\"elementor-section elementor-top-section elementor-element elementor-element-7fc6206f elementor-section-height-min-height elementor-section-content-middle elementor-section-boxed elementor-section-height-default elementor-section-items-middle\" data-id=\"7fc6206f\" data-element_type=\"section\" data-settings=\"{&quot;background_background&quot;:&quot;classic&quot;}\">\n\t\t\t\t\t\t<div class=\"elementor-container elementor-column-gap-default\">\n\t\t\t\t\t\t\t<div class=\"elementor-row\">\n\t\t\t\t\t<div class=\"aux-parallax-section elementor-column elementor-col-100 elementor-top-column elementor-element elementor-element-82354b9\" data-id=\"82354b9\" data-element_type=\"column\">\n\t\t\t<div class=\"elementor-column-wrap elementor-element-populated\">\n\t\t\t\t\t\t\t<div class=\"elementor-widget-wrap\">\n\t\t\t\t\t\t<div class=\"elementor-element elementor-element-1d0ba254 elementor-widget-divider--view-line elementor-widget elementor-widget-divider\" data-id=\"1d0ba254\" data-element_type=\"widget\" data-widget_type=\"divider.default\">\n\t\t\t\t<div class=\"elementor-widget-container\">\n\t\t\t\t\t<div class=\"elementor-divider\">\n\t\t\t<span class=\"elementor-divider-separator\">\n\t\t\t\t\t\t<\/span>\n\t\t<\/div>\n\t\t\t\t<\/div>\n\t\t\t\t<\/div>\n\t\t\t\t<div class=\"elementor-element elementor-element-d646f6d elementor-widget elementor-widget-text-editor\" data-id=\"d646f6d\" data-element_type=\"widget\" data-widget_type=\"text-editor.default\">\n\t\t\t\t<div class=\"elementor-widget-container\">\n\t\t\t\t\t\t\t\t<div class=\"elementor-text-editor elementor-clearfix\">\n\t\t\t\t<p>\u00a0Cette solution prend des donn\u00e9es des peers de Qrator, des diff\u00e9rents looking glass et des bases de donn\u00e9es peering pour donner des informations sur les anomalies d\u00e9tect\u00e9es sur l&rsquo;ASN (notamment\u00a0<span class=\"il\">BGP<\/span>\u00a0hijack, route leaking, \u2026 ).\u00a0<\/p>\t\t\t\t\t<\/div>\n\t\t\t\t\t\t<\/div>\n\t\t\t\t<\/div>\n\t\t\t\t<div class=\"elementor-element elementor-element-da1db6b elementor-widget elementor-widget-image\" data-id=\"da1db6b\" data-element_type=\"widget\" data-widget_type=\"image.default\">\n\t\t\t\t<div class=\"elementor-widget-container\">\n\t\t\t\t\t\t\t\t<div class=\"elementor-image\">\n\t\t\t\t\t\t\t\t\t\t\t\t<img decoding=\"async\" width=\"1024\" height=\"522\" src=\"https:\/\/pragma-security.com\/wp-content\/uploads\/2018\/01\/AS-Rating-\u2014-Radar-by-Qrator-1024x522.png\" class=\"attachment-large size-large wp-image-230\" alt=\"\" loading=\"lazy\" srcset=\"https:\/\/pragma-security.com\/wp-content\/uploads\/2018\/01\/AS-Rating-\u2014-Radar-by-Qrator-1024x522.png 1024w, https:\/\/pragma-security.com\/wp-content\/uploads\/2018\/01\/AS-Rating-\u2014-Radar-by-Qrator-300x153.png 300w, https:\/\/pragma-security.com\/wp-content\/uploads\/2018\/01\/AS-Rating-\u2014-Radar-by-Qrator-768x391.png 768w, https:\/\/pragma-security.com\/wp-content\/uploads\/2018\/01\/AS-Rating-\u2014-Radar-by-Qrator.png 1230w\" sizes=\"(max-width: 1024px) 100vw, 1024px\" \/>\t\t\t\t\t\t\t\t\t\t\t\t\t\t<\/div>\n\t\t\t\t\t\t<\/div>\n\t\t\t\t<\/div>\n\t\t\t\t\t\t<\/div>\n\t\t\t\t\t<\/div>\n\t\t<\/div>\n\t\t\t\t\t\t\t\t<\/div>\n\t\t\t\t\t<\/div>\n\t\t<\/section>\n\t\t\t\t<section class=\"elementor-section elementor-top-section elementor-element elementor-element-531bddca elementor-section-boxed elementor-section-height-default elementor-section-height-default\" data-id=\"531bddca\" data-element_type=\"section\" data-settings=\"{&quot;background_background&quot;:&quot;classic&quot;}\">\n\t\t\t\t\t\t\t<div class=\"elementor-background-overlay\"><\/div>\n\t\t\t\t\t\t\t<div class=\"elementor-container elementor-column-gap-default\">\n\t\t\t\t\t\t\t<div class=\"elementor-row\">\n\t\t\t\t\t<div class=\"aux-parallax-section elementor-column elementor-col-100 elementor-top-column elementor-element elementor-element-11e4f32d\" data-id=\"11e4f32d\" data-element_type=\"column\">\n\t\t\t<div class=\"elementor-column-wrap elementor-element-populated\">\n\t\t\t\t\t\t\t<div class=\"elementor-widget-wrap\">\n\t\t\t\t\t\t<div class=\"elementor-element elementor-element-7c62db29 elementor-widget elementor-widget-button\" data-id=\"7c62db29\" data-element_type=\"widget\" data-widget_type=\"button.default\">\n\t\t\t\t<div class=\"elementor-widget-container\">\n\t\t\t\t\t<div class=\"elementor-button-wrapper\">\n\t\t\t<a href=\"https:\/\/radar.qrator.net\/as-rating#connectivity\/1\" class=\"elementor-button-link elementor-button elementor-size-md\" role=\"button\">\n\t\t\t\t\t\t<span class=\"elementor-button-content-wrapper\">\n\t\t\t\t\t\t<span class=\"elementor-button-text\">DECOUVREZ RADAR<\/span>\n\t\t<\/span>\n\t\t\t\t\t<\/a>\n\t\t<\/div>\n\t\t\t\t<\/div>\n\t\t\t\t<\/div>\n\t\t\t\t\t\t<\/div>\n\t\t\t\t\t<\/div>\n\t\t<\/div>\n\t\t\t\t\t\t\t\t<\/div>\n\t\t\t\t\t<\/div>\n\t\t<\/section>\n\t\t\t\t<section class=\"elementor-section elementor-top-section elementor-element elementor-element-79024ef5 elementor-section-boxed elementor-section-height-default elementor-section-height-default\" data-id=\"79024ef5\" data-element_type=\"section\">\n\t\t\t\t\t\t<div class=\"elementor-container elementor-column-gap-default\">\n\t\t\t\t\t\t\t<div class=\"elementor-row\">\n\t\t\t\t\t<div class=\"aux-parallax-section elementor-column elementor-col-100 elementor-top-column elementor-element elementor-element-268dc371\" data-id=\"268dc371\" data-element_type=\"column\">\n\t\t\t<div class=\"elementor-column-wrap elementor-element-populated\">\n\t\t\t\t\t\t\t<div class=\"elementor-widget-wrap\">\n\t\t\t\t\t\t<div class=\"elementor-element elementor-element-2a9148a elementor-widget elementor-widget-spacer\" data-id=\"2a9148a\" data-element_type=\"widget\" data-widget_type=\"spacer.default\">\n\t\t\t\t<div class=\"elementor-widget-container\">\n\t\t\t\t\t<div class=\"elementor-spacer\">\n\t\t\t<div class=\"elementor-spacer-inner\"><\/div>\n\t\t<\/div>\n\t\t\t\t<\/div>\n\t\t\t\t<\/div>\n\t\t\t\t<div class=\"elementor-element elementor-element-417b6c32 elementor-widget elementor-widget-heading\" data-id=\"417b6c32\" data-element_type=\"widget\" data-widget_type=\"heading.default\">\n\t\t\t\t<div class=\"elementor-widget-container\">\n\t\t\t<h5 class=\"elementor-heading-title elementor-size-medium\">Suivez-nous sur les r\u00e9seaux sociaux<\/h5>\t\t<\/div>\n\t\t\t\t<\/div>\n\t\t\t\t<div class=\"elementor-element elementor-element-30511855 elementor-widget elementor-widget-spacer\" data-id=\"30511855\" data-element_type=\"widget\" data-widget_type=\"spacer.default\">\n\t\t\t\t<div class=\"elementor-widget-container\">\n\t\t\t\t\t<div class=\"elementor-spacer\">\n\t\t\t<div class=\"elementor-spacer-inner\"><\/div>\n\t\t<\/div>\n\t\t\t\t<\/div>\n\t\t\t\t<\/div>\n\t\t\t\t<div class=\"elementor-element elementor-element-1578083c elementor-shape-circle elementor-grid-0 e-grid-align-center elementor-widget elementor-widget-social-icons\" data-id=\"1578083c\" data-element_type=\"widget\" data-widget_type=\"social-icons.default\">\n\t\t\t\t<div class=\"elementor-widget-container\">\n\t\t\t\t\t<div class=\"elementor-social-icons-wrapper elementor-grid\">\n\t\t\t\t\t\t\t<span class=\"elementor-grid-item\">\n\t\t\t\t\t<a class=\"elementor-icon elementor-social-icon elementor-social-icon-facebook-f elementor-repeater-item-6733628\" href=\"https:\/\/web.facebook.com\/pragmasec\/\" target=\"_blank\">\n\t\t\t\t\t\t<span class=\"elementor-screen-only\">Facebook-f<\/span>\n\t\t\t\t\t\t<i class=\"fab fa-facebook-f\"><\/i>\t\t\t\t\t<\/a>\n\t\t\t\t<\/span>\n\t\t\t\t\t\t\t<span class=\"elementor-grid-item\">\n\t\t\t\t\t<a class=\"elementor-icon elementor-social-icon elementor-social-icon-twitter elementor-repeater-item-4c75ed4\" href=\"https:\/\/www.twitter.com\/pragmasecurity\" target=\"_blank\">\n\t\t\t\t\t\t<span class=\"elementor-screen-only\">Twitter<\/span>\n\t\t\t\t\t\t<i class=\"fab fa-twitter\"><\/i>\t\t\t\t\t<\/a>\n\t\t\t\t<\/span>\n\t\t\t\t\t\t\t<span class=\"elementor-grid-item\">\n\t\t\t\t\t<a class=\"elementor-icon elementor-social-icon elementor-social-icon-linkedin-in elementor-repeater-item-fe95a66\" href=\"https:\/\/www.linkedin.com\/company\/pragma-security\" target=\"_blank\">\n\t\t\t\t\t\t<span class=\"elementor-screen-only\">Linkedin-in<\/span>\n\t\t\t\t\t\t<i class=\"fab fa-linkedin-in\"><\/i>\t\t\t\t\t<\/a>\n\t\t\t\t<\/span>\n\t\t\t\t\t<\/div>\n\t\t\t\t<\/div>\n\t\t\t\t<\/div>\n\t\t\t\t\t\t<\/div>\n\t\t\t\t\t<\/div>\n\t\t<\/div>\n\t\t\t\t\t\t\t\t<\/div>\n\t\t\t\t\t<\/div>\n\t\t<\/section>\n\t\t\t\t\t\t\t\t\t<\/div>\n\t\t\t<\/div>\n\t\t\t\t\t<\/div>\n\t\t","protected":false},"excerpt":{"rendered":"<p>MONITORING BGP RADAR \u00a0Cette solution prend des donn\u00e9es des peers de Qrator, des diff\u00e9rents looking glass et des bases de donn\u00e9es peering pour donner des informations sur les anomalies d\u00e9tect\u00e9es sur l&rsquo;ASN (notamment\u00a0BGP\u00a0hijack, route leaking, \u2026 ).\u00a0 DECOUVREZ RADAR Suivez-nous sur les r\u00e9seaux sociaux Facebook-f Twitter Linkedin-in<\/p>\n","protected":false},"author":2,"featured_media":0,"parent":0,"menu_order":0,"comment_status":"closed","ping_status":"closed","template":"","meta":{"_mi_skip_tracking":false},"yoast_head":"<!-- This site is optimized with the Yoast SEO plugin v19.13 - https:\/\/yoast.com\/wordpress\/plugins\/seo\/ -->\n<title>Surveillez les annonces BGP de l&#039;Internet avec l&#039;outil Radar<\/title>\n<meta name=\"description\" content=\"S\u00e9curisez votre r\u00e9seau en maintenant une vision proactive de ce qui est annonc\u00e9 sur Internet. L&#039;outil Radar vous tient inform\u00e9 de toute anomalie d\u00e9tect\u00e9e sur votre ASN (notamment BGP hijack, route leaking, \u2026 ).\" \/>\n<meta name=\"robots\" content=\"index, follow, max-snippet:-1, max-image-preview:large, max-video-preview:-1\" \/>\n<link rel=\"canonical\" href=\"https:\/\/pragma-security.com\/index.php\/monitoring-bgp\/\" \/>\n<meta property=\"og:locale\" content=\"fr_FR\" \/>\n<meta property=\"og:type\" content=\"article\" \/>\n<meta property=\"og:title\" content=\"Surveillez les annonces BGP de l&#039;Internet avec l&#039;outil Radar\" \/>\n<meta property=\"og:description\" content=\"S\u00e9curisez votre r\u00e9seau en maintenant une vision proactive de ce qui est annonc\u00e9 sur Internet. L&#039;outil Radar vous tient inform\u00e9 de toute anomalie d\u00e9tect\u00e9e sur votre ASN (notamment BGP hijack, route leaking, \u2026 ).\" \/>\n<meta property=\"og:url\" content=\"https:\/\/pragma-security.com\/index.php\/monitoring-bgp\/\" \/>\n<meta property=\"og:site_name\" content=\"Pragma Security\" \/>\n<meta property=\"article:modified_time\" content=\"2019-07-22T14:14:00+00:00\" \/>\n<meta property=\"og:image\" content=\"https:\/\/pragma-security.com\/wp-content\/uploads\/2018\/01\/AS-Rating-\u2014-Radar-by-Qrator-1024x522.png\" \/>\n<meta name=\"twitter:card\" content=\"summary_large_image\" \/>\n<script type=\"application\/ld+json\" class=\"yoast-schema-graph\">{\"@context\":\"https:\/\/schema.org\",\"@graph\":[{\"@type\":\"WebPage\",\"@id\":\"https:\/\/pragma-security.com\/index.php\/monitoring-bgp\/\",\"url\":\"https:\/\/pragma-security.com\/index.php\/monitoring-bgp\/\",\"name\":\"Surveillez les annonces BGP de l'Internet avec l'outil Radar\",\"isPartOf\":{\"@id\":\"https:\/\/pragma-security.com\/#website\"},\"datePublished\":\"2018-01-15T17:56:05+00:00\",\"dateModified\":\"2019-07-22T14:14:00+00:00\",\"description\":\"S\u00e9curisez votre r\u00e9seau en maintenant une vision proactive de ce qui est annonc\u00e9 sur Internet. L'outil Radar vous tient inform\u00e9 de toute anomalie d\u00e9tect\u00e9e sur votre ASN (notamment BGP hijack, route leaking, \u2026 ).\",\"breadcrumb\":{\"@id\":\"https:\/\/pragma-security.com\/index.php\/monitoring-bgp\/#breadcrumb\"},\"inLanguage\":\"fr-FR\",\"potentialAction\":[{\"@type\":\"ReadAction\",\"target\":[\"https:\/\/pragma-security.com\/index.php\/monitoring-bgp\/\"]}]},{\"@type\":\"BreadcrumbList\",\"@id\":\"https:\/\/pragma-security.com\/index.php\/monitoring-bgp\/#breadcrumb\",\"itemListElement\":[{\"@type\":\"ListItem\",\"position\":1,\"name\":\"Accueil\",\"item\":\"https:\/\/pragma-security.com\/\"},{\"@type\":\"ListItem\",\"position\":2,\"name\":\"Monitoring BGP\"}]},{\"@type\":\"WebSite\",\"@id\":\"https:\/\/pragma-security.com\/#website\",\"url\":\"https:\/\/pragma-security.com\/\",\"name\":\"Pragma Security\",\"description\":\"Protection anti-DDoS | DNS | WAF\",\"publisher\":{\"@id\":\"https:\/\/pragma-security.com\/#organization\"},\"potentialAction\":[{\"@type\":\"SearchAction\",\"target\":{\"@type\":\"EntryPoint\",\"urlTemplate\":\"https:\/\/pragma-security.com\/?s={search_term_string}\"},\"query-input\":\"required name=search_term_string\"}],\"inLanguage\":\"fr-FR\"},{\"@type\":\"Organization\",\"@id\":\"https:\/\/pragma-security.com\/#organization\",\"name\":\"Pragma Security\",\"url\":\"https:\/\/pragma-security.com\/\",\"logo\":{\"@type\":\"ImageObject\",\"inLanguage\":\"fr-FR\",\"@id\":\"https:\/\/pragma-security.com\/#\/schema\/logo\/image\/\",\"url\":\"https:\/\/pragma-security.com\/wp-content\/uploads\/2018\/01\/Pragma-JPG.jpg\",\"contentUrl\":\"https:\/\/pragma-security.com\/wp-content\/uploads\/2018\/01\/Pragma-JPG.jpg\",\"width\":436,\"height\":394,\"caption\":\"Pragma Security\"},\"image\":{\"@id\":\"https:\/\/pragma-security.com\/#\/schema\/logo\/image\/\"}}]}<\/script>\n<!-- \/ Yoast SEO plugin. -->","yoast_head_json":{"title":"Surveillez les annonces BGP de l'Internet avec l'outil Radar","description":"S\u00e9curisez votre r\u00e9seau en maintenant une vision proactive de ce qui est annonc\u00e9 sur Internet. L'outil Radar vous tient inform\u00e9 de toute anomalie d\u00e9tect\u00e9e sur votre ASN (notamment BGP hijack, route leaking, \u2026 ).","robots":{"index":"index","follow":"follow","max-snippet":"max-snippet:-1","max-image-preview":"max-image-preview:large","max-video-preview":"max-video-preview:-1"},"canonical":"https:\/\/pragma-security.com\/index.php\/monitoring-bgp\/","og_locale":"fr_FR","og_type":"article","og_title":"Surveillez les annonces BGP de l'Internet avec l'outil Radar","og_description":"S\u00e9curisez votre r\u00e9seau en maintenant une vision proactive de ce qui est annonc\u00e9 sur Internet. L'outil Radar vous tient inform\u00e9 de toute anomalie d\u00e9tect\u00e9e sur votre ASN (notamment BGP hijack, route leaking, \u2026 ).","og_url":"https:\/\/pragma-security.com\/index.php\/monitoring-bgp\/","og_site_name":"Pragma Security","article_modified_time":"2019-07-22T14:14:00+00:00","og_image":[{"url":"https:\/\/pragma-security.com\/wp-content\/uploads\/2018\/01\/AS-Rating-\u2014-Radar-by-Qrator-1024x522.png"}],"twitter_card":"summary_large_image","schema":{"@context":"https:\/\/schema.org","@graph":[{"@type":"WebPage","@id":"https:\/\/pragma-security.com\/index.php\/monitoring-bgp\/","url":"https:\/\/pragma-security.com\/index.php\/monitoring-bgp\/","name":"Surveillez les annonces BGP de l'Internet avec l'outil Radar","isPartOf":{"@id":"https:\/\/pragma-security.com\/#website"},"datePublished":"2018-01-15T17:56:05+00:00","dateModified":"2019-07-22T14:14:00+00:00","description":"S\u00e9curisez votre r\u00e9seau en maintenant une vision proactive de ce qui est annonc\u00e9 sur Internet. L'outil Radar vous tient inform\u00e9 de toute anomalie d\u00e9tect\u00e9e sur votre ASN (notamment BGP hijack, route leaking, \u2026 ).","breadcrumb":{"@id":"https:\/\/pragma-security.com\/index.php\/monitoring-bgp\/#breadcrumb"},"inLanguage":"fr-FR","potentialAction":[{"@type":"ReadAction","target":["https:\/\/pragma-security.com\/index.php\/monitoring-bgp\/"]}]},{"@type":"BreadcrumbList","@id":"https:\/\/pragma-security.com\/index.php\/monitoring-bgp\/#breadcrumb","itemListElement":[{"@type":"ListItem","position":1,"name":"Accueil","item":"https:\/\/pragma-security.com\/"},{"@type":"ListItem","position":2,"name":"Monitoring BGP"}]},{"@type":"WebSite","@id":"https:\/\/pragma-security.com\/#website","url":"https:\/\/pragma-security.com\/","name":"Pragma Security","description":"Protection anti-DDoS | DNS | WAF","publisher":{"@id":"https:\/\/pragma-security.com\/#organization"},"potentialAction":[{"@type":"SearchAction","target":{"@type":"EntryPoint","urlTemplate":"https:\/\/pragma-security.com\/?s={search_term_string}"},"query-input":"required name=search_term_string"}],"inLanguage":"fr-FR"},{"@type":"Organization","@id":"https:\/\/pragma-security.com\/#organization","name":"Pragma Security","url":"https:\/\/pragma-security.com\/","logo":{"@type":"ImageObject","inLanguage":"fr-FR","@id":"https:\/\/pragma-security.com\/#\/schema\/logo\/image\/","url":"https:\/\/pragma-security.com\/wp-content\/uploads\/2018\/01\/Pragma-JPG.jpg","contentUrl":"https:\/\/pragma-security.com\/wp-content\/uploads\/2018\/01\/Pragma-JPG.jpg","width":436,"height":394,"caption":"Pragma Security"},"image":{"@id":"https:\/\/pragma-security.com\/#\/schema\/logo\/image\/"}}]}},"_links":{"self":[{"href":"https:\/\/pragma-security.com\/index.php\/wp-json\/wp\/v2\/pages\/58"}],"collection":[{"href":"https:\/\/pragma-security.com\/index.php\/wp-json\/wp\/v2\/pages"}],"about":[{"href":"https:\/\/pragma-security.com\/index.php\/wp-json\/wp\/v2\/types\/page"}],"author":[{"embeddable":true,"href":"https:\/\/pragma-security.com\/index.php\/wp-json\/wp\/v2\/users\/2"}],"replies":[{"embeddable":true,"href":"https:\/\/pragma-security.com\/index.php\/wp-json\/wp\/v2\/comments?post=58"}],"version-history":[{"count":8,"href":"https:\/\/pragma-security.com\/index.php\/wp-json\/wp\/v2\/pages\/58\/revisions"}],"predecessor-version":[{"id":1031,"href":"https:\/\/pragma-security.com\/index.php\/wp-json\/wp\/v2\/pages\/58\/revisions\/1031"}],"wp:attachment":[{"href":"https:\/\/pragma-security.com\/index.php\/wp-json\/wp\/v2\/media?parent=58"}],"curies":[{"name":"wp","href":"https:\/\/api.w.org\/{rel}","templated":true}]}}