{"id":489,"date":"2018-04-11T21:12:48","date_gmt":"2018-04-11T19:12:48","guid":{"rendered":"http:\/\/pragma-security.com\/?page_id=489"},"modified":"2020-07-21T17:43:04","modified_gmt":"2020-07-21T15:43:04","slug":"tarif","status":"publish","type":"page","link":"https:\/\/pragma-security.com\/index.php\/tarif\/","title":{"rendered":"Tarif"},"content":{"rendered":"\t\t<div data-elementor-type=\"wp-post\" data-elementor-id=\"489\" class=\"elementor elementor-489\">\n\t\t\t\t\t\t<div class=\"elementor-inner\">\n\t\t\t\t<div class=\"elementor-section-wrap\">\n\t\t\t\t\t\t\t\t\t<section class=\"elementor-section elementor-top-section elementor-element elementor-element-14b948be elementor-section-height-min-height elementor-section-boxed elementor-section-height-default elementor-section-items-middle\" data-id=\"14b948be\" data-element_type=\"section\" data-settings=\"{&quot;background_background&quot;:&quot;classic&quot;}\">\n\t\t\t\t\t\t\t<div class=\"elementor-background-overlay\"><\/div>\n\t\t\t\t\t\t\t<div class=\"elementor-container elementor-column-gap-default\">\n\t\t\t\t\t\t\t<div class=\"elementor-row\">\n\t\t\t\t\t<div class=\"aux-parallax-section elementor-column elementor-col-100 elementor-top-column elementor-element elementor-element-462ed15f\" data-id=\"462ed15f\" data-element_type=\"column\">\n\t\t\t<div class=\"elementor-column-wrap elementor-element-populated\">\n\t\t\t\t\t\t\t<div class=\"elementor-widget-wrap\">\n\t\t\t\t\t\t<div class=\"elementor-element elementor-element-2109cd6e elementor-widget elementor-widget-heading\" data-id=\"2109cd6e\" data-element_type=\"widget\" data-widget_type=\"heading.default\">\n\t\t\t\t<div class=\"elementor-widget-container\">\n\t\t\t<h1 class=\"elementor-heading-title elementor-size-large\">Tarif<\/h1>\t\t<\/div>\n\t\t\t\t<\/div>\n\t\t\t\t<div class=\"elementor-element elementor-element-27b639d8 elementor-widget-divider--view-line elementor-widget elementor-widget-divider\" data-id=\"27b639d8\" data-element_type=\"widget\" data-widget_type=\"divider.default\">\n\t\t\t\t<div class=\"elementor-widget-container\">\n\t\t\t\t\t<div class=\"elementor-divider\">\n\t\t\t<span class=\"elementor-divider-separator\">\n\t\t\t\t\t\t<\/span>\n\t\t<\/div>\n\t\t\t\t<\/div>\n\t\t\t\t<\/div>\n\t\t\t\t<div class=\"elementor-element elementor-element-5695f7c6 elementor-widget elementor-widget-heading\" data-id=\"5695f7c6\" data-element_type=\"widget\" data-widget_type=\"heading.default\">\n\t\t\t\t<div class=\"elementor-widget-container\">\n\t\t\t<p class=\"elementor-heading-title elementor-size-medium\">Choisissez l'offre qui vous correspond<\/p>\t\t<\/div>\n\t\t\t\t<\/div>\n\t\t\t\t\t\t<\/div>\n\t\t\t\t\t<\/div>\n\t\t<\/div>\n\t\t\t\t\t\t\t\t<\/div>\n\t\t\t\t\t<\/div>\n\t\t<\/section>\n\t\t\t\t<section class=\"elementor-section elementor-top-section elementor-element elementor-element-e21c8d8 elementor-section-boxed elementor-section-height-default elementor-section-height-default\" data-id=\"e21c8d8\" data-element_type=\"section\">\n\t\t\t\t\t\t<div class=\"elementor-container elementor-column-gap-default\">\n\t\t\t\t\t\t\t<div class=\"elementor-row\">\n\t\t\t\t\t<div class=\"aux-parallax-section elementor-column elementor-col-100 elementor-top-column elementor-element elementor-element-2e75608\" data-id=\"2e75608\" data-element_type=\"column\">\n\t\t\t<div class=\"elementor-column-wrap elementor-element-populated\">\n\t\t\t\t\t\t\t<div class=\"elementor-widget-wrap\">\n\t\t\t\t\t\t<div class=\"elementor-element elementor-element-409e626 elementor-widget elementor-widget-aux_tabs\" data-id=\"409e626\" data-element_type=\"widget\" data-widget_type=\"aux_tabs.default\">\n\t\t\t\t<div class=\"elementor-widget-container\">\n\t\t\t<section class=\"widget-container aux-widget-tabs aux-parent-aue22eb033\"><div class=\"widget-tabs widget-container aux-stripe\"><div class=\"widget-inner aux-horizontal\"> <ul class=\"tabs\"><li><a id=\"aux-tab-6771\" href=\"#\" role=\"tab\">Petites\/moyennes entreprises<\/a><\/li><li><a id=\"aux-tab-6772\" href=\"#\" role=\"tab\">Grandes entreprises\/h\u00e9bergeurs<\/a><\/li><li><a id=\"aux-tab-6773\" href=\"#\" role=\"tab\">Offre personnalis\u00e9e<\/a><\/li><\/ul><ul class=\"tabs-content\"><li><div id=\"aux-tab-content-6771\" class=\"entry-editor\" role=\"tabpanel\" aria-labelledby=\"aux-tab-6771\"><p><p>SLA 97%.\u00a0Souscription mensuelle \u00e0 partir de 520 euros.\u00a0Protection contre un nombre illimit\u00e9 d'attaques \u00e0 un prix fixe.<br \/>Garantie d'un filtrage de qualit\u00e9 pour les attaques DDoS classiques.<\/p><\/p><\/div><\/li><li><div id=\"aux-tab-content-6772\" class=\"entry-editor\" role=\"tabpanel\" aria-labelledby=\"aux-tab-6772\"><p><p>SLA 99% ou 99,5%.\u00a0Souscription mensuelle \u00e0 partir de 1320 euros.\u00a0Protection contre un nombre illimit\u00e9 d'attaques \u00e0 un prix fixe.<\/p><\/p><\/div><\/li><li><div id=\"aux-tab-content-6773\" class=\"entry-editor\" role=\"tabpanel\" aria-labelledby=\"aux-tab-6773\"><p><p>SLA sup\u00e9rieures \u00e0 99,5%.\u00a0Co\u00fbt calcul\u00e9 sur-demande.\u00a0Cette offre convient aux infrastructures complexes et\/ou \u00e0 toutes demandes particuli\u00e8res .<br \/>Nous vous proposons une offre personnalis\u00e9e \u00e0 un co\u00fbt comp\u00e9titif.<\/p><\/p><\/div><\/li><\/ul><\/div><\/div><\/section><!-- widget-container -->\t\t<\/div>\n\t\t\t\t<\/div>\n\t\t\t\t<section class=\"elementor-section elementor-inner-section elementor-element elementor-element-098bd38 elementor-section-boxed elementor-section-height-default elementor-section-height-default\" data-id=\"098bd38\" data-element_type=\"section\">\n\t\t\t\t\t\t<div class=\"elementor-container elementor-column-gap-default\">\n\t\t\t\t\t\t\t<div class=\"elementor-row\">\n\t\t\t\t\t<div class=\"aux-parallax-section elementor-column elementor-col-20 elementor-inner-column elementor-element elementor-element-5f223b0\" data-id=\"5f223b0\" data-element_type=\"column\">\n\t\t\t<div class=\"elementor-column-wrap elementor-element-populated\">\n\t\t\t\t\t\t\t<div class=\"elementor-widget-wrap\">\n\t\t\t\t\t\t<div class=\"elementor-element elementor-element-e205f5a elementor-align-justify elementor-widget elementor-widget-button\" data-id=\"e205f5a\" data-element_type=\"widget\" data-widget_type=\"button.default\">\n\t\t\t\t<div class=\"elementor-widget-container\">\n\t\t\t\t\t<div class=\"elementor-button-wrapper\">\n\t\t\t<a class=\"elementor-button elementor-size-lg\" role=\"button\">\n\t\t\t\t\t\t<span class=\"elementor-button-content-wrapper\">\n\t\t\t\t\t\t<span class=\"elementor-button-text\">Petites et moyennes entreprises - trafic  1 Gbit\/s<\/span>\n\t\t<\/span>\n\t\t\t\t\t<\/a>\n\t\t<\/div>\n\t\t\t\t<\/div>\n\t\t\t\t<\/div>\n\t\t\t\t<div class=\"elementor-element elementor-element-1943b4d elementor-widget elementor-widget-text-editor\" data-id=\"1943b4d\" data-element_type=\"widget\" data-widget_type=\"text-editor.default\">\n\t\t\t\t<div class=\"elementor-widget-container\">\n\t\t\t\t\t\t\t\t<div class=\"elementor-text-editor elementor-clearfix\">\n\t\t\t\t<ul><li>520 euros par mois<\/li><li>SLA 97%<\/li><li>Trafic filtr\u00e9 jusqu&rsquo;\u00e0 1Gbit\/s<\/li><\/ul>\t\t\t\t\t<\/div>\n\t\t\t\t\t\t<\/div>\n\t\t\t\t<\/div>\n\t\t\t\t\t\t<\/div>\n\t\t\t\t\t<\/div>\n\t\t<\/div>\n\t\t\t\t<div class=\"aux-parallax-section elementor-column elementor-col-20 elementor-inner-column elementor-element elementor-element-e29fe17\" data-id=\"e29fe17\" data-element_type=\"column\">\n\t\t\t<div class=\"elementor-column-wrap elementor-element-populated\">\n\t\t\t\t\t\t\t<div class=\"elementor-widget-wrap\">\n\t\t\t\t\t\t<div class=\"elementor-element elementor-element-4a40366 elementor-align-center elementor-widget elementor-widget-button\" data-id=\"4a40366\" data-element_type=\"widget\" data-widget_type=\"button.default\">\n\t\t\t\t<div class=\"elementor-widget-container\">\n\t\t\t\t\t<div class=\"elementor-button-wrapper\">\n\t\t\t<a class=\"elementor-button elementor-size-lg\" role=\"button\">\n\t\t\t\t\t\t<span class=\"elementor-button-content-wrapper\">\n\t\t\t\t\t\t<span class=\"elementor-button-text\">Petites et moyennes entreprises - trafic 3 Gbit\/s<\/span>\n\t\t<\/span>\n\t\t\t\t\t<\/a>\n\t\t<\/div>\n\t\t\t\t<\/div>\n\t\t\t\t<\/div>\n\t\t\t\t<div class=\"elementor-element elementor-element-1cc0d67 elementor-widget elementor-widget-text-editor\" data-id=\"1cc0d67\" data-element_type=\"widget\" data-widget_type=\"text-editor.default\">\n\t\t\t\t<div class=\"elementor-widget-container\">\n\t\t\t\t\t\t\t\t<div class=\"elementor-text-editor elementor-clearfix\">\n\t\t\t\t<ul><li>750 euros par mois<\/li><li>SLA 97%<\/li><li>Trafic filtr\u00e9 jusqu&rsquo;\u00e0 3Gbit\/s<\/li><\/ul>\t\t\t\t\t<\/div>\n\t\t\t\t\t\t<\/div>\n\t\t\t\t<\/div>\n\t\t\t\t\t\t<\/div>\n\t\t\t\t\t<\/div>\n\t\t<\/div>\n\t\t\t\t<div class=\"aux-parallax-section elementor-column elementor-col-20 elementor-inner-column elementor-element elementor-element-767d7e7\" data-id=\"767d7e7\" data-element_type=\"column\">\n\t\t\t<div class=\"elementor-column-wrap elementor-element-populated\">\n\t\t\t\t\t\t\t<div class=\"elementor-widget-wrap\">\n\t\t\t\t\t\t<div class=\"elementor-element elementor-element-0da1b4e elementor-align-center elementor-widget elementor-widget-button\" data-id=\"0da1b4e\" data-element_type=\"widget\" data-widget_type=\"button.default\">\n\t\t\t\t<div class=\"elementor-widget-container\">\n\t\t\t\t\t<div class=\"elementor-button-wrapper\">\n\t\t\t<a class=\"elementor-button elementor-size-lg\" role=\"button\">\n\t\t\t\t\t\t<span class=\"elementor-button-content-wrapper\">\n\t\t\t\t\t\t<span class=\"elementor-button-text\">Grandes entreprises et h\u00e9bergeurs - trafic 10 Gbit\/s<\/span>\n\t\t<\/span>\n\t\t\t\t\t<\/a>\n\t\t<\/div>\n\t\t\t\t<\/div>\n\t\t\t\t<\/div>\n\t\t\t\t<div class=\"elementor-element elementor-element-12dd402 elementor-widget elementor-widget-text-editor\" data-id=\"12dd402\" data-element_type=\"widget\" data-widget_type=\"text-editor.default\">\n\t\t\t\t<div class=\"elementor-widget-container\">\n\t\t\t\t\t\t\t\t<div class=\"elementor-text-editor elementor-clearfix\">\n\t\t\t\t<ul><li>1320 euros par mois<\/li><li>SLA 99%<\/li><li>Trafic filtr\u00e9 jusqu&rsquo;\u00e0 10Gbit\/s<\/li><\/ul>\t\t\t\t\t<\/div>\n\t\t\t\t\t\t<\/div>\n\t\t\t\t<\/div>\n\t\t\t\t\t\t<\/div>\n\t\t\t\t\t<\/div>\n\t\t<\/div>\n\t\t\t\t<div class=\"aux-parallax-section elementor-column elementor-col-20 elementor-inner-column elementor-element elementor-element-88834f3\" data-id=\"88834f3\" data-element_type=\"column\">\n\t\t\t<div class=\"elementor-column-wrap elementor-element-populated\">\n\t\t\t\t\t\t\t<div class=\"elementor-widget-wrap\">\n\t\t\t\t\t\t<div class=\"elementor-element elementor-element-88c1377 elementor-align-center elementor-widget elementor-widget-button\" data-id=\"88c1377\" data-element_type=\"widget\" data-widget_type=\"button.default\">\n\t\t\t\t<div class=\"elementor-widget-container\">\n\t\t\t\t\t<div class=\"elementor-button-wrapper\">\n\t\t\t<a class=\"elementor-button elementor-size-lg\" role=\"button\">\n\t\t\t\t\t\t<span class=\"elementor-button-content-wrapper\">\n\t\t\t\t\t\t<span class=\"elementor-button-text\">Grandes entreprises et h\u00e9bergeurs - trafic 10 Gbit\/s<\/span>\n\t\t<\/span>\n\t\t\t\t\t<\/a>\n\t\t<\/div>\n\t\t\t\t<\/div>\n\t\t\t\t<\/div>\n\t\t\t\t<div class=\"elementor-element elementor-element-11d50b7 elementor-widget elementor-widget-text-editor\" data-id=\"11d50b7\" data-element_type=\"widget\" data-widget_type=\"text-editor.default\">\n\t\t\t\t<div class=\"elementor-widget-container\">\n\t\t\t\t\t\t\t\t<div class=\"elementor-text-editor elementor-clearfix\">\n\t\t\t\t<ul><li>1920 euros par mois<\/li><li>SLA 99,5%<\/li><li>Trafic filtr\u00e9 jusqu&rsquo;\u00e0 10Gbit\/s<\/li><\/ul>\t\t\t\t\t<\/div>\n\t\t\t\t\t\t<\/div>\n\t\t\t\t<\/div>\n\t\t\t\t\t\t<\/div>\n\t\t\t\t\t<\/div>\n\t\t<\/div>\n\t\t\t\t<div class=\"aux-parallax-section elementor-column elementor-col-20 elementor-inner-column elementor-element elementor-element-ccea6ee\" data-id=\"ccea6ee\" data-element_type=\"column\">\n\t\t\t<div class=\"elementor-column-wrap elementor-element-populated\">\n\t\t\t\t\t\t\t<div class=\"elementor-widget-wrap\">\n\t\t\t\t\t\t<div class=\"elementor-element elementor-element-df4ad42 elementor-align-center elementor-widget elementor-widget-button\" data-id=\"df4ad42\" data-element_type=\"widget\" data-widget_type=\"button.default\">\n\t\t\t\t<div class=\"elementor-widget-container\">\n\t\t\t\t\t<div class=\"elementor-button-wrapper\">\n\t\t\t<a class=\"elementor-button elementor-size-lg\" role=\"button\">\n\t\t\t\t\t\t<span class=\"elementor-button-content-wrapper\">\n\t\t\t\t\t\t<span class=\"elementor-button-text\">Grandes entreprises et h\u00e9bergeurs - trafic illimit\u00e9<\/span>\n\t\t<\/span>\n\t\t\t\t\t<\/a>\n\t\t<\/div>\n\t\t\t\t<\/div>\n\t\t\t\t<\/div>\n\t\t\t\t<div class=\"elementor-element elementor-element-c2b9f7f elementor-widget elementor-widget-text-editor\" data-id=\"c2b9f7f\" data-element_type=\"widget\" data-widget_type=\"text-editor.default\">\n\t\t\t\t<div class=\"elementor-widget-container\">\n\t\t\t\t\t\t\t\t<div class=\"elementor-text-editor elementor-clearfix\">\n\t\t\t\t<ul><li>3860 euros par mois<\/li><li>SLA 99,5%<\/li><li>Trafic filtr\u00e9 illimit\u00e9<\/li><\/ul>\t\t\t\t\t<\/div>\n\t\t\t\t\t\t<\/div>\n\t\t\t\t<\/div>\n\t\t\t\t\t\t<\/div>\n\t\t\t\t\t<\/div>\n\t\t<\/div>\n\t\t\t\t\t\t\t\t<\/div>\n\t\t\t\t\t<\/div>\n\t\t<\/section>\n\t\t\t\t\t\t<\/div>\n\t\t\t\t\t<\/div>\n\t\t<\/div>\n\t\t\t\t\t\t\t\t<\/div>\n\t\t\t\t\t<\/div>\n\t\t<\/section>\n\t\t\t\t<section class=\"elementor-section elementor-top-section elementor-element elementor-element-6136cf3 elementor-section-boxed elementor-section-height-default elementor-section-height-default\" data-id=\"6136cf3\" data-element_type=\"section\">\n\t\t\t\t\t\t<div class=\"elementor-container elementor-column-gap-default\">\n\t\t\t\t\t\t\t<div class=\"elementor-row\">\n\t\t\t\t\t<div class=\"aux-parallax-section elementor-column elementor-col-100 elementor-top-column elementor-element elementor-element-fce56b5\" data-id=\"fce56b5\" data-element_type=\"column\">\n\t\t\t<div class=\"elementor-column-wrap elementor-element-populated\">\n\t\t\t\t\t\t\t<div class=\"elementor-widget-wrap\">\n\t\t\t\t\t\t<div class=\"elementor-element elementor-element-b592865 elementor-widget elementor-widget-heading\" data-id=\"b592865\" data-element_type=\"widget\" data-widget_type=\"heading.default\">\n\t\t\t\t<div class=\"elementor-widget-container\">\n\t\t\t<h2 class=\"elementor-heading-title elementor-size-default\">Valable pour tous les forfaits<\/h2>\t\t<\/div>\n\t\t\t\t<\/div>\n\t\t\t\t\t\t<\/div>\n\t\t\t\t\t<\/div>\n\t\t<\/div>\n\t\t\t\t\t\t\t\t<\/div>\n\t\t\t\t\t<\/div>\n\t\t<\/section>\n\t\t\t\t<section class=\"elementor-section elementor-top-section elementor-element elementor-element-bcfc88c elementor-section-boxed elementor-section-height-default elementor-section-height-default\" data-id=\"bcfc88c\" data-element_type=\"section\">\n\t\t\t\t\t\t<div class=\"elementor-container elementor-column-gap-default\">\n\t\t\t\t\t\t\t<div class=\"elementor-row\">\n\t\t\t\t\t<div class=\"aux-parallax-section elementor-column elementor-col-100 elementor-top-column elementor-element elementor-element-2a835e9\" data-id=\"2a835e9\" data-element_type=\"column\">\n\t\t\t<div class=\"elementor-column-wrap elementor-element-populated\">\n\t\t\t\t\t\t\t<div class=\"elementor-widget-wrap\">\n\t\t\t\t\t\t<div class=\"elementor-element elementor-element-befe585 elementor-widget elementor-widget-text-editor\" data-id=\"befe585\" data-element_type=\"widget\" data-widget_type=\"text-editor.default\">\n\t\t\t\t<div class=\"elementor-widget-container\">\n\t\t\t\t\t\t\t\t<div class=\"elementor-text-editor elementor-clearfix\">\n\t\t\t\t<ul><li>Seul le trafic l\u00e9gitime est factur\u00e9.<\/li><li>Exc\u00e8s de trafic l\u00e9gitime: 20 euros par 1 Mbit\/s<\/li><\/ul><p>En option<\/p><ul><li>Attribution d&rsquo;une adresse IP additionnelle par groupe de domaines<\/li><li>Filtrage HTTPS avec d\u00e9chiffrage<\/li><li>Filtrage HTTPS avec d\u00e9chiffrage avec API (par domaine)<\/li><li>Pare-feu \u00e0 distance<\/li><li>Rapport d&rsquo;incident d\u00e9taill\u00e9<\/li><li>WAF<\/li><\/ul>\t\t\t\t\t<\/div>\n\t\t\t\t\t\t<\/div>\n\t\t\t\t<\/div>\n\t\t\t\t\t\t<\/div>\n\t\t\t\t\t<\/div>\n\t\t<\/div>\n\t\t\t\t\t\t\t\t<\/div>\n\t\t\t\t\t<\/div>\n\t\t<\/section>\n\t\t\t\t\t\t\t\t\t<\/div>\n\t\t\t<\/div>\n\t\t\t\t\t<\/div>\n\t\t","protected":false},"excerpt":{"rendered":"<p>Tarif Choisissez l&rsquo;offre qui vous correspond Petites\/moyennes entreprises Grandes entreprises\/h\u00e9bergeurs Offre personnalis\u00e9e SLA 97%.\u00a0Souscription mensuelle \u00e0 partir de 520 euros.\u00a0Protection contre un nombre illimit\u00e9 d&rsquo;attaques \u00e0 un prix fixe.Garantie d&rsquo;un filtrage de qualit\u00e9 pour les attaques DDoS classiques. SLA 99% ou 99,5%.\u00a0Souscription mensuelle \u00e0 partir de 1320 euros.\u00a0Protection contre un nombre illimit\u00e9 d&rsquo;attaques \u00e0 un [&hellip;]<\/p>\n","protected":false},"author":2,"featured_media":0,"parent":0,"menu_order":0,"comment_status":"closed","ping_status":"closed","template":"","meta":{"_mi_skip_tracking":false},"yoast_head":"<!-- This site is optimized with the Yoast SEO plugin v19.13 - https:\/\/yoast.com\/wordpress\/plugins\/seo\/ -->\n<title>Tarif - Pragma Security<\/title>\n<meta name=\"robots\" content=\"index, follow, max-snippet:-1, max-image-preview:large, max-video-preview:-1\" \/>\n<link rel=\"canonical\" href=\"https:\/\/pragma-security.com\/index.php\/tarif\/\" \/>\n<meta property=\"og:locale\" content=\"fr_FR\" \/>\n<meta property=\"og:type\" content=\"article\" \/>\n<meta property=\"og:title\" content=\"Tarif - Pragma Security\" \/>\n<meta property=\"og:description\" content=\"Tarif Choisissez l&rsquo;offre qui vous correspond Petites\/moyennes entreprises Grandes entreprises\/h\u00e9bergeurs Offre personnalis\u00e9e SLA 97%.\u00a0Souscription mensuelle \u00e0 partir de 520 euros.\u00a0Protection contre un nombre illimit\u00e9 d&rsquo;attaques \u00e0 un prix fixe.Garantie d&rsquo;un filtrage de qualit\u00e9 pour les attaques DDoS classiques. SLA 99% ou 99,5%.\u00a0Souscription mensuelle \u00e0 partir de 1320 euros.\u00a0Protection contre un nombre illimit\u00e9 d&rsquo;attaques \u00e0 un [&hellip;]\" \/>\n<meta property=\"og:url\" content=\"https:\/\/pragma-security.com\/index.php\/tarif\/\" \/>\n<meta property=\"og:site_name\" content=\"Pragma Security\" \/>\n<meta property=\"article:modified_time\" content=\"2020-07-21T15:43:04+00:00\" \/>\n<meta name=\"twitter:card\" content=\"summary_large_image\" \/>\n<meta name=\"twitter:label1\" content=\"Dur\u00e9e de lecture estim\u00e9e\" \/>\n\t<meta name=\"twitter:data1\" content=\"1 minute\" \/>\n<script type=\"application\/ld+json\" class=\"yoast-schema-graph\">{\"@context\":\"https:\/\/schema.org\",\"@graph\":[{\"@type\":\"WebPage\",\"@id\":\"https:\/\/pragma-security.com\/index.php\/tarif\/\",\"url\":\"https:\/\/pragma-security.com\/index.php\/tarif\/\",\"name\":\"Tarif - Pragma Security\",\"isPartOf\":{\"@id\":\"https:\/\/pragma-security.com\/#website\"},\"datePublished\":\"2018-04-11T19:12:48+00:00\",\"dateModified\":\"2020-07-21T15:43:04+00:00\",\"breadcrumb\":{\"@id\":\"https:\/\/pragma-security.com\/index.php\/tarif\/#breadcrumb\"},\"inLanguage\":\"fr-FR\",\"potentialAction\":[{\"@type\":\"ReadAction\",\"target\":[\"https:\/\/pragma-security.com\/index.php\/tarif\/\"]}]},{\"@type\":\"BreadcrumbList\",\"@id\":\"https:\/\/pragma-security.com\/index.php\/tarif\/#breadcrumb\",\"itemListElement\":[{\"@type\":\"ListItem\",\"position\":1,\"name\":\"Accueil\",\"item\":\"https:\/\/pragma-security.com\/\"},{\"@type\":\"ListItem\",\"position\":2,\"name\":\"Tarif\"}]},{\"@type\":\"WebSite\",\"@id\":\"https:\/\/pragma-security.com\/#website\",\"url\":\"https:\/\/pragma-security.com\/\",\"name\":\"Pragma Security\",\"description\":\"Protection anti-DDoS | DNS | WAF\",\"publisher\":{\"@id\":\"https:\/\/pragma-security.com\/#organization\"},\"potentialAction\":[{\"@type\":\"SearchAction\",\"target\":{\"@type\":\"EntryPoint\",\"urlTemplate\":\"https:\/\/pragma-security.com\/?s={search_term_string}\"},\"query-input\":\"required name=search_term_string\"}],\"inLanguage\":\"fr-FR\"},{\"@type\":\"Organization\",\"@id\":\"https:\/\/pragma-security.com\/#organization\",\"name\":\"Pragma Security\",\"url\":\"https:\/\/pragma-security.com\/\",\"logo\":{\"@type\":\"ImageObject\",\"inLanguage\":\"fr-FR\",\"@id\":\"https:\/\/pragma-security.com\/#\/schema\/logo\/image\/\",\"url\":\"https:\/\/pragma-security.com\/wp-content\/uploads\/2018\/01\/Pragma-JPG.jpg\",\"contentUrl\":\"https:\/\/pragma-security.com\/wp-content\/uploads\/2018\/01\/Pragma-JPG.jpg\",\"width\":436,\"height\":394,\"caption\":\"Pragma Security\"},\"image\":{\"@id\":\"https:\/\/pragma-security.com\/#\/schema\/logo\/image\/\"}}]}<\/script>\n<!-- \/ Yoast SEO plugin. -->","yoast_head_json":{"title":"Tarif - Pragma Security","robots":{"index":"index","follow":"follow","max-snippet":"max-snippet:-1","max-image-preview":"max-image-preview:large","max-video-preview":"max-video-preview:-1"},"canonical":"https:\/\/pragma-security.com\/index.php\/tarif\/","og_locale":"fr_FR","og_type":"article","og_title":"Tarif - Pragma Security","og_description":"Tarif Choisissez l&rsquo;offre qui vous correspond Petites\/moyennes entreprises Grandes entreprises\/h\u00e9bergeurs Offre personnalis\u00e9e SLA 97%.\u00a0Souscription mensuelle \u00e0 partir de 520 euros.\u00a0Protection contre un nombre illimit\u00e9 d&rsquo;attaques \u00e0 un prix fixe.Garantie d&rsquo;un filtrage de qualit\u00e9 pour les attaques DDoS classiques. SLA 99% ou 99,5%.\u00a0Souscription mensuelle \u00e0 partir de 1320 euros.\u00a0Protection contre un nombre illimit\u00e9 d&rsquo;attaques \u00e0 un [&hellip;]","og_url":"https:\/\/pragma-security.com\/index.php\/tarif\/","og_site_name":"Pragma Security","article_modified_time":"2020-07-21T15:43:04+00:00","twitter_card":"summary_large_image","twitter_misc":{"Dur\u00e9e de lecture estim\u00e9e":"1 minute"},"schema":{"@context":"https:\/\/schema.org","@graph":[{"@type":"WebPage","@id":"https:\/\/pragma-security.com\/index.php\/tarif\/","url":"https:\/\/pragma-security.com\/index.php\/tarif\/","name":"Tarif - Pragma Security","isPartOf":{"@id":"https:\/\/pragma-security.com\/#website"},"datePublished":"2018-04-11T19:12:48+00:00","dateModified":"2020-07-21T15:43:04+00:00","breadcrumb":{"@id":"https:\/\/pragma-security.com\/index.php\/tarif\/#breadcrumb"},"inLanguage":"fr-FR","potentialAction":[{"@type":"ReadAction","target":["https:\/\/pragma-security.com\/index.php\/tarif\/"]}]},{"@type":"BreadcrumbList","@id":"https:\/\/pragma-security.com\/index.php\/tarif\/#breadcrumb","itemListElement":[{"@type":"ListItem","position":1,"name":"Accueil","item":"https:\/\/pragma-security.com\/"},{"@type":"ListItem","position":2,"name":"Tarif"}]},{"@type":"WebSite","@id":"https:\/\/pragma-security.com\/#website","url":"https:\/\/pragma-security.com\/","name":"Pragma Security","description":"Protection anti-DDoS | DNS | WAF","publisher":{"@id":"https:\/\/pragma-security.com\/#organization"},"potentialAction":[{"@type":"SearchAction","target":{"@type":"EntryPoint","urlTemplate":"https:\/\/pragma-security.com\/?s={search_term_string}"},"query-input":"required name=search_term_string"}],"inLanguage":"fr-FR"},{"@type":"Organization","@id":"https:\/\/pragma-security.com\/#organization","name":"Pragma Security","url":"https:\/\/pragma-security.com\/","logo":{"@type":"ImageObject","inLanguage":"fr-FR","@id":"https:\/\/pragma-security.com\/#\/schema\/logo\/image\/","url":"https:\/\/pragma-security.com\/wp-content\/uploads\/2018\/01\/Pragma-JPG.jpg","contentUrl":"https:\/\/pragma-security.com\/wp-content\/uploads\/2018\/01\/Pragma-JPG.jpg","width":436,"height":394,"caption":"Pragma Security"},"image":{"@id":"https:\/\/pragma-security.com\/#\/schema\/logo\/image\/"}}]}},"_links":{"self":[{"href":"https:\/\/pragma-security.com\/index.php\/wp-json\/wp\/v2\/pages\/489"}],"collection":[{"href":"https:\/\/pragma-security.com\/index.php\/wp-json\/wp\/v2\/pages"}],"about":[{"href":"https:\/\/pragma-security.com\/index.php\/wp-json\/wp\/v2\/types\/page"}],"author":[{"embeddable":true,"href":"https:\/\/pragma-security.com\/index.php\/wp-json\/wp\/v2\/users\/2"}],"replies":[{"embeddable":true,"href":"https:\/\/pragma-security.com\/index.php\/wp-json\/wp\/v2\/comments?post=489"}],"version-history":[{"count":37,"href":"https:\/\/pragma-security.com\/index.php\/wp-json\/wp\/v2\/pages\/489\/revisions"}],"predecessor-version":[{"id":1303,"href":"https:\/\/pragma-security.com\/index.php\/wp-json\/wp\/v2\/pages\/489\/revisions\/1303"}],"wp:attachment":[{"href":"https:\/\/pragma-security.com\/index.php\/wp-json\/wp\/v2\/media?parent=489"}],"curies":[{"name":"wp","href":"https:\/\/api.w.org\/{rel}","templated":true}]}}