{"id":480,"date":"2018-04-04T15:49:56","date_gmt":"2018-04-04T13:49:56","guid":{"rendered":"http:\/\/pragma-security.com\/?page_id=480"},"modified":"2019-07-22T16:45:11","modified_gmt":"2019-07-22T14:45:11","slug":"banques-paiement","status":"publish","type":"page","link":"https:\/\/pragma-security.com\/index.php\/clients\/banques-paiement\/","title":{"rendered":"Banques et prestataires de paiement"},"content":{"rendered":"\t\t<div data-elementor-type=\"wp-post\" data-elementor-id=\"480\" class=\"elementor elementor-480\">\n\t\t\t\t\t\t<div class=\"elementor-inner\">\n\t\t\t\t<div class=\"elementor-section-wrap\">\n\t\t\t\t\t\t\t\t\t<section class=\"elementor-section elementor-top-section elementor-element elementor-element-33999314 elementor-section-height-min-height elementor-section-boxed elementor-section-height-default elementor-section-items-middle\" data-id=\"33999314\" data-element_type=\"section\" data-settings=\"{&quot;background_background&quot;:&quot;classic&quot;}\">\n\t\t\t\t\t\t<div class=\"elementor-container elementor-column-gap-default\">\n\t\t\t\t\t\t\t<div class=\"elementor-row\">\n\t\t\t\t\t<div class=\"aux-parallax-section elementor-column elementor-col-100 elementor-top-column elementor-element elementor-element-41bc6c61\" data-id=\"41bc6c61\" data-element_type=\"column\">\n\t\t\t<div class=\"elementor-column-wrap elementor-element-populated\">\n\t\t\t\t\t\t\t<div class=\"elementor-widget-wrap\">\n\t\t\t\t\t\t<div class=\"elementor-element elementor-element-32cbeb88 elementor-align-right elementor-widget elementor-widget-button\" data-id=\"32cbeb88\" data-element_type=\"widget\" data-widget_type=\"button.default\">\n\t\t\t\t<div class=\"elementor-widget-container\">\n\t\t\t\t\t<div class=\"elementor-button-wrapper\">\n\t\t\t<a href=\"#\" class=\"elementor-button-link elementor-button elementor-size-xl\" role=\"button\">\n\t\t\t\t\t\t<span class=\"elementor-button-content-wrapper\">\n\t\t\t\t\t\t<span class=\"elementor-button-text\">BANQUES & PRESTATAIRES DE PAIEMENT<\/span>\n\t\t<\/span>\n\t\t\t\t\t<\/a>\n\t\t<\/div>\n\t\t\t\t<\/div>\n\t\t\t\t<\/div>\n\t\t\t\t\t\t<\/div>\n\t\t\t\t\t<\/div>\n\t\t<\/div>\n\t\t\t\t\t\t\t\t<\/div>\n\t\t\t\t\t<\/div>\n\t\t<\/section>\n\t\t\t\t<section class=\"elementor-section elementor-top-section elementor-element elementor-element-1bb2819c elementor-section-height-min-height elementor-section-content-middle elementor-section-boxed elementor-section-height-default elementor-section-items-middle\" data-id=\"1bb2819c\" data-element_type=\"section\" data-settings=\"{&quot;background_background&quot;:&quot;classic&quot;}\">\n\t\t\t\t\t\t<div class=\"elementor-container elementor-column-gap-default\">\n\t\t\t\t\t\t\t<div class=\"elementor-row\">\n\t\t\t\t\t<div class=\"aux-parallax-section elementor-column elementor-col-100 elementor-top-column elementor-element elementor-element-4bdcd6c3\" data-id=\"4bdcd6c3\" data-element_type=\"column\">\n\t\t\t<div class=\"elementor-column-wrap elementor-element-populated\">\n\t\t\t\t\t\t\t<div class=\"elementor-widget-wrap\">\n\t\t\t\t\t\t<div class=\"elementor-element elementor-element-3d21dfeb elementor-widget elementor-widget-text-editor\" data-id=\"3d21dfeb\" data-element_type=\"widget\" data-widget_type=\"text-editor.default\">\n\t\t\t\t<div class=\"elementor-widget-container\">\n\t\t\t\t\t\t\t\t<div class=\"elementor-text-editor elementor-clearfix\">\n\t\t\t\t<h4>Que vous soyez une banque ou une entreprise fournissant des services de paiement par carte sur internet, mobile et en point de vente, la disponibilit\u00e9 de vos applications et services est au c\u0153ur de votre activit\u00e9.\u00a0<\/h4><h4>Pragma Security veille au bon fonctionnement et la s\u00e9curit\u00e9 de vos transactions.<\/h4>\t\t\t\t\t<\/div>\n\t\t\t\t\t\t<\/div>\n\t\t\t\t<\/div>\n\t\t\t\t\t\t<\/div>\n\t\t\t\t\t<\/div>\n\t\t<\/div>\n\t\t\t\t\t\t\t\t<\/div>\n\t\t\t\t\t<\/div>\n\t\t<\/section>\n\t\t\t\t<section class=\"elementor-section elementor-top-section elementor-element elementor-element-295efa0f elementor-section-boxed elementor-section-height-default elementor-section-height-default\" data-id=\"295efa0f\" data-element_type=\"section\">\n\t\t\t\t\t\t<div class=\"elementor-container elementor-column-gap-default\">\n\t\t\t\t\t\t\t<div class=\"elementor-row\">\n\t\t\t\t\t<div class=\"aux-parallax-section elementor-column elementor-col-100 elementor-top-column elementor-element elementor-element-1ab67462\" data-id=\"1ab67462\" data-element_type=\"column\">\n\t\t\t<div class=\"elementor-column-wrap elementor-element-populated\">\n\t\t\t\t\t\t\t<div class=\"elementor-widget-wrap\">\n\t\t\t\t\t\t<div class=\"elementor-element elementor-element-3c677e41 elementor-widget-divider--view-line elementor-widget elementor-widget-divider\" data-id=\"3c677e41\" data-element_type=\"widget\" data-widget_type=\"divider.default\">\n\t\t\t\t<div class=\"elementor-widget-container\">\n\t\t\t\t\t<div class=\"elementor-divider\">\n\t\t\t<span class=\"elementor-divider-separator\">\n\t\t\t\t\t\t<\/span>\n\t\t<\/div>\n\t\t\t\t<\/div>\n\t\t\t\t<\/div>\n\t\t\t\t<div class=\"elementor-element elementor-element-787524b7 elementor-widget elementor-widget-heading\" data-id=\"787524b7\" data-element_type=\"widget\" data-widget_type=\"heading.default\">\n\t\t\t\t<div class=\"elementor-widget-container\">\n\t\t\t<h3 class=\"elementor-heading-title elementor-size-large\">Pourquoi choisir pragma security?<\/h3>\t\t<\/div>\n\t\t\t\t<\/div>\n\t\t\t\t<section class=\"elementor-section elementor-inner-section elementor-element elementor-element-72d00c3 elementor-section-boxed elementor-section-height-default elementor-section-height-default\" data-id=\"72d00c3\" data-element_type=\"section\">\n\t\t\t\t\t\t<div class=\"elementor-container elementor-column-gap-wider\">\n\t\t\t\t\t\t\t<div class=\"elementor-row\">\n\t\t\t\t\t<div class=\"aux-parallax-section elementor-column elementor-col-50 elementor-inner-column elementor-element elementor-element-4185c9d0\" data-id=\"4185c9d0\" data-element_type=\"column\">\n\t\t\t<div class=\"elementor-column-wrap elementor-element-populated\">\n\t\t\t\t\t\t\t<div class=\"elementor-widget-wrap\">\n\t\t\t\t\t\t<div class=\"elementor-element elementor-element-4fa50e88 elementor-view-default elementor-widget elementor-widget-icon\" data-id=\"4fa50e88\" data-element_type=\"widget\" data-widget_type=\"icon.default\">\n\t\t\t\t<div class=\"elementor-widget-container\">\n\t\t\t\t\t<div class=\"elementor-icon-wrapper\">\n\t\t\t<div class=\"elementor-icon\">\n\t\t\t\t\t\t\t<i class=\"fa fa-angle-right\" aria-hidden=\"true\"><\/i>\n\t\t\t\t\t\t<\/div>\n\t\t<\/div>\n\t\t\t\t<\/div>\n\t\t\t\t<\/div>\n\t\t\t\t<div class=\"elementor-element elementor-element-f6da472 elementor-view-default elementor-widget elementor-widget-icon\" data-id=\"f6da472\" data-element_type=\"widget\" data-widget_type=\"icon.default\">\n\t\t\t\t<div class=\"elementor-widget-container\">\n\t\t\t\t\t<div class=\"elementor-icon-wrapper\">\n\t\t\t<div class=\"elementor-icon\">\n\t\t\t\t\t\t\t<i class=\"fa fa-angle-right\" aria-hidden=\"true\"><\/i>\n\t\t\t\t\t\t<\/div>\n\t\t<\/div>\n\t\t\t\t<\/div>\n\t\t\t\t<\/div>\n\t\t\t\t<div class=\"elementor-element elementor-element-eae6d45 elementor-view-default elementor-widget elementor-widget-icon\" data-id=\"eae6d45\" data-element_type=\"widget\" data-widget_type=\"icon.default\">\n\t\t\t\t<div class=\"elementor-widget-container\">\n\t\t\t\t\t<div class=\"elementor-icon-wrapper\">\n\t\t\t<div class=\"elementor-icon\">\n\t\t\t\t\t\t\t<i class=\"fa fa-angle-right\" aria-hidden=\"true\"><\/i>\n\t\t\t\t\t\t<\/div>\n\t\t<\/div>\n\t\t\t\t<\/div>\n\t\t\t\t<\/div>\n\t\t\t\t<div class=\"elementor-element elementor-element-8d4f239 elementor-view-default elementor-widget elementor-widget-icon\" data-id=\"8d4f239\" data-element_type=\"widget\" data-widget_type=\"icon.default\">\n\t\t\t\t<div class=\"elementor-widget-container\">\n\t\t\t\t\t<div class=\"elementor-icon-wrapper\">\n\t\t\t<div class=\"elementor-icon\">\n\t\t\t\t\t\t\t<i class=\"fa fa-angle-right\" aria-hidden=\"true\"><\/i>\n\t\t\t\t\t\t<\/div>\n\t\t<\/div>\n\t\t\t\t<\/div>\n\t\t\t\t<\/div>\n\t\t\t\t\t\t<\/div>\n\t\t\t\t\t<\/div>\n\t\t<\/div>\n\t\t\t\t<div class=\"aux-parallax-section elementor-column elementor-col-50 elementor-inner-column elementor-element elementor-element-7e042244\" data-id=\"7e042244\" data-element_type=\"column\">\n\t\t\t<div class=\"elementor-column-wrap elementor-element-populated\">\n\t\t\t\t\t\t\t<div class=\"elementor-widget-wrap\">\n\t\t\t\t\t\t<div class=\"elementor-element elementor-element-4f73b2c elementor-widget elementor-widget-text-editor\" data-id=\"4f73b2c\" data-element_type=\"widget\" data-widget_type=\"text-editor.default\">\n\t\t\t\t<div class=\"elementor-widget-container\">\n\t\t\t\t\t\t\t\t<div class=\"elementor-text-editor elementor-clearfix\">\n\t\t\t\t<h3>S\u00e9curit\u00e9 PCI-DSS<\/h3><p>Nous pouvons s\u00e9curiser l&rsquo;ensemble de vos applications avec ou sans filtrage HTTPS. Dans ce dernier cas, nous respectons votre certification PCI-DSS.<\/p>\t\t\t\t\t<\/div>\n\t\t\t\t\t\t<\/div>\n\t\t\t\t<\/div>\n\t\t\t\t<div class=\"elementor-element elementor-element-2a2cc2b elementor-widget elementor-widget-text-editor\" data-id=\"2a2cc2b\" data-element_type=\"widget\" data-widget_type=\"text-editor.default\">\n\t\t\t\t<div class=\"elementor-widget-container\">\n\t\t\t\t\t\t\t\t<div class=\"elementor-text-editor elementor-clearfix\">\n\t\t\t\t<h3>Engagement de r\u00e9sultat<\/h3><p>Nous nous engageons \u00e0 maintenir la disponibilit\u00e9 de vos ressources et flux. Dans le cas contraire, le service ne vous est pas factur\u00e9.\u00a0<\/p>\t\t\t\t\t<\/div>\n\t\t\t\t\t\t<\/div>\n\t\t\t\t<\/div>\n\t\t\t\t<div class=\"elementor-element elementor-element-9ab8117 elementor-widget elementor-widget-text-editor\" data-id=\"9ab8117\" data-element_type=\"widget\" data-widget_type=\"text-editor.default\">\n\t\t\t\t<div class=\"elementor-widget-container\">\n\t\t\t\t\t\t\t\t<div class=\"elementor-text-editor elementor-clearfix\">\n\t\t\t\t<h3>R\u00e9duction des faux-positif<\/h3><p>Notre solution fait l&rsquo;apprentissage de vos flux afin d&rsquo;\u00e9viter les faux-positifs et ainsi maintenir l&rsquo;ensemble des paiements de vos clients.<\/p>\t\t\t\t\t<\/div>\n\t\t\t\t\t\t<\/div>\n\t\t\t\t<\/div>\n\t\t\t\t<div class=\"elementor-element elementor-element-1ab5f6a elementor-widget elementor-widget-text-editor\" data-id=\"1ab5f6a\" data-element_type=\"widget\" data-widget_type=\"text-editor.default\">\n\t\t\t\t<div class=\"elementor-widget-container\">\n\t\t\t\t\t\t\t\t<div class=\"elementor-text-editor elementor-clearfix\">\n\t\t\t\t<h3>Connexion s\u00e9curis\u00e9e<\/h3><p>Nous sommes \u00e9galement en mesure de vous retransmettre le trafic nettoy\u00e9 de toute attaque via une connexion directe priv\u00e9e entre nos deux r\u00e9seaux.<\/p>\t\t\t\t\t<\/div>\n\t\t\t\t\t\t<\/div>\n\t\t\t\t<\/div>\n\t\t\t\t\t\t<\/div>\n\t\t\t\t\t<\/div>\n\t\t<\/div>\n\t\t\t\t\t\t\t\t<\/div>\n\t\t\t\t\t<\/div>\n\t\t<\/section>\n\t\t\t\t\t\t<\/div>\n\t\t\t\t\t<\/div>\n\t\t<\/div>\n\t\t\t\t\t\t\t\t<\/div>\n\t\t\t\t\t<\/div>\n\t\t<\/section>\n\t\t\t\t<section class=\"elementor-section elementor-top-section elementor-element elementor-element-686d92fd elementor-section-boxed elementor-section-height-default elementor-section-height-default\" data-id=\"686d92fd\" data-element_type=\"section\" data-settings=\"{&quot;background_background&quot;:&quot;classic&quot;}\">\n\t\t\t\t\t\t\t<div class=\"elementor-background-overlay\"><\/div>\n\t\t\t\t\t\t\t<div class=\"elementor-container elementor-column-gap-default\">\n\t\t\t\t\t\t\t<div class=\"elementor-row\">\n\t\t\t\t\t<div class=\"aux-parallax-section elementor-column elementor-col-100 elementor-top-column elementor-element elementor-element-3d4f4113\" data-id=\"3d4f4113\" data-element_type=\"column\">\n\t\t\t<div class=\"elementor-column-wrap elementor-element-populated\">\n\t\t\t\t\t\t\t<div class=\"elementor-widget-wrap\">\n\t\t\t\t\t\t<div class=\"elementor-element elementor-element-1336bc52 elementor-widget elementor-widget-heading\" data-id=\"1336bc52\" data-element_type=\"widget\" data-widget_type=\"heading.default\">\n\t\t\t\t<div class=\"elementor-widget-container\">\n\t\t\t<h2 class=\"elementor-heading-title elementor-size-large\">CONTACTEZ-NOUS<\/h2>\t\t<\/div>\n\t\t\t\t<\/div>\n\t\t\t\t<div class=\"elementor-element elementor-element-e2f20f1 elementor-widget elementor-widget-heading\" data-id=\"e2f20f1\" data-element_type=\"widget\" data-widget_type=\"heading.default\">\n\t\t\t\t<div class=\"elementor-widget-container\">\n\t\t\t<p class=\"elementor-heading-title elementor-size-medium\">Vous avez des questions, souhaitez recevoir une d\u00e9mo ou nous rencontrer? C'est par ici!<\/p>\t\t<\/div>\n\t\t\t\t<\/div>\n\t\t\t\t<div class=\"elementor-element elementor-element-76cc59d8 elementor-widget elementor-widget-button\" data-id=\"76cc59d8\" data-element_type=\"widget\" data-widget_type=\"button.default\">\n\t\t\t\t<div class=\"elementor-widget-container\">\n\t\t\t\t\t<div class=\"elementor-button-wrapper\">\n\t\t\t<a href=\"http:\/\/pragma-security.com\/index.php\/contact\/\" class=\"elementor-button-link elementor-button elementor-size-md\" role=\"button\">\n\t\t\t\t\t\t<span class=\"elementor-button-content-wrapper\">\n\t\t\t\t\t\t<span class=\"elementor-button-text\">FORMULAIRE DE CONTACT<\/span>\n\t\t<\/span>\n\t\t\t\t\t<\/a>\n\t\t<\/div>\n\t\t\t\t<\/div>\n\t\t\t\t<\/div>\n\t\t\t\t\t\t<\/div>\n\t\t\t\t\t<\/div>\n\t\t<\/div>\n\t\t\t\t\t\t\t\t<\/div>\n\t\t\t\t\t<\/div>\n\t\t<\/section>\n\t\t\t\t<section class=\"elementor-section elementor-top-section elementor-element elementor-element-67e3fcd5 elementor-section-boxed elementor-section-height-default elementor-section-height-default\" data-id=\"67e3fcd5\" data-element_type=\"section\">\n\t\t\t\t\t\t<div class=\"elementor-container elementor-column-gap-default\">\n\t\t\t\t\t\t\t<div class=\"elementor-row\">\n\t\t\t\t\t<div class=\"aux-parallax-section elementor-column elementor-col-100 elementor-top-column elementor-element elementor-element-3c2d8d60\" data-id=\"3c2d8d60\" data-element_type=\"column\">\n\t\t\t<div class=\"elementor-column-wrap elementor-element-populated\">\n\t\t\t\t\t\t\t<div class=\"elementor-widget-wrap\">\n\t\t\t\t\t\t<div class=\"elementor-element elementor-element-29984560 elementor-widget elementor-widget-spacer\" data-id=\"29984560\" data-element_type=\"widget\" data-widget_type=\"spacer.default\">\n\t\t\t\t<div class=\"elementor-widget-container\">\n\t\t\t\t\t<div class=\"elementor-spacer\">\n\t\t\t<div class=\"elementor-spacer-inner\"><\/div>\n\t\t<\/div>\n\t\t\t\t<\/div>\n\t\t\t\t<\/div>\n\t\t\t\t<div class=\"elementor-element elementor-element-7f0bad75 elementor-widget elementor-widget-heading\" data-id=\"7f0bad75\" data-element_type=\"widget\" data-widget_type=\"heading.default\">\n\t\t\t\t<div class=\"elementor-widget-container\">\n\t\t\t<h5 class=\"elementor-heading-title elementor-size-medium\">Nous sommes aussi sur les r\u00e9seaux sociaux<\/h5>\t\t<\/div>\n\t\t\t\t<\/div>\n\t\t\t\t<div class=\"elementor-element elementor-element-1c072611 elementor-widget elementor-widget-spacer\" data-id=\"1c072611\" data-element_type=\"widget\" data-widget_type=\"spacer.default\">\n\t\t\t\t<div class=\"elementor-widget-container\">\n\t\t\t\t\t<div class=\"elementor-spacer\">\n\t\t\t<div class=\"elementor-spacer-inner\"><\/div>\n\t\t<\/div>\n\t\t\t\t<\/div>\n\t\t\t\t<\/div>\n\t\t\t\t<div class=\"elementor-element elementor-element-2a23b29e elementor-shape-circle elementor-grid-0 e-grid-align-center elementor-widget elementor-widget-social-icons\" data-id=\"2a23b29e\" data-element_type=\"widget\" data-widget_type=\"social-icons.default\">\n\t\t\t\t<div class=\"elementor-widget-container\">\n\t\t\t\t\t<div class=\"elementor-social-icons-wrapper elementor-grid\">\n\t\t\t\t\t\t\t<span class=\"elementor-grid-item\">\n\t\t\t\t\t<a class=\"elementor-icon elementor-social-icon elementor-social-icon-facebook-f elementor-repeater-item-6733628\" href=\"https:\/\/web.facebook.com\/pragmasec\/\" target=\"_blank\">\n\t\t\t\t\t\t<span class=\"elementor-screen-only\">Facebook-f<\/span>\n\t\t\t\t\t\t<i class=\"fab fa-facebook-f\"><\/i>\t\t\t\t\t<\/a>\n\t\t\t\t<\/span>\n\t\t\t\t\t\t\t<span class=\"elementor-grid-item\">\n\t\t\t\t\t<a class=\"elementor-icon elementor-social-icon elementor-social-icon-twitter elementor-repeater-item-4c75ed4\" href=\"https:\/\/www.twitter.com\/pragmasecurity\" target=\"_blank\">\n\t\t\t\t\t\t<span class=\"elementor-screen-only\">Twitter<\/span>\n\t\t\t\t\t\t<i class=\"fab fa-twitter\"><\/i>\t\t\t\t\t<\/a>\n\t\t\t\t<\/span>\n\t\t\t\t\t\t\t<span class=\"elementor-grid-item\">\n\t\t\t\t\t<a class=\"elementor-icon elementor-social-icon elementor-social-icon-linkedin-in elementor-repeater-item-fe95a66\" href=\"https:\/\/www.linkedin.com\/company\/pragma-security\" target=\"_blank\">\n\t\t\t\t\t\t<span class=\"elementor-screen-only\">Linkedin-in<\/span>\n\t\t\t\t\t\t<i class=\"fab fa-linkedin-in\"><\/i>\t\t\t\t\t<\/a>\n\t\t\t\t<\/span>\n\t\t\t\t\t<\/div>\n\t\t\t\t<\/div>\n\t\t\t\t<\/div>\n\t\t\t\t\t\t<\/div>\n\t\t\t\t\t<\/div>\n\t\t<\/div>\n\t\t\t\t\t\t\t\t<\/div>\n\t\t\t\t\t<\/div>\n\t\t<\/section>\n\t\t\t\t\t\t\t\t\t<\/div>\n\t\t\t<\/div>\n\t\t\t\t\t<\/div>\n\t\t","protected":false},"excerpt":{"rendered":"<p>BANQUES &#038; PRESTATAIRES DE PAIEMENT Que vous soyez une banque ou une entreprise fournissant des services de paiement par carte sur internet, mobile et en point de vente, la disponibilit\u00e9 de vos applications et services est au c\u0153ur de votre activit\u00e9.\u00a0 Pragma Security veille au bon fonctionnement et la s\u00e9curit\u00e9 de vos transactions. Pourquoi choisir [&hellip;]<\/p>\n","protected":false},"author":2,"featured_media":0,"parent":472,"menu_order":3,"comment_status":"closed","ping_status":"closed","template":"","meta":{"_mi_skip_tracking":false},"yoast_head":"<!-- This site is optimized with the Yoast SEO plugin v19.13 - https:\/\/yoast.com\/wordpress\/plugins\/seo\/ -->\n<title>Banques et prestataires de paiement - Pragma Security<\/title>\n<meta name=\"robots\" content=\"index, follow, max-snippet:-1, max-image-preview:large, max-video-preview:-1\" \/>\n<link rel=\"canonical\" href=\"https:\/\/pragma-security.com\/index.php\/clients\/banques-paiement\/\" \/>\n<meta property=\"og:locale\" content=\"fr_FR\" \/>\n<meta property=\"og:type\" content=\"article\" \/>\n<meta property=\"og:title\" content=\"Banques et prestataires de paiement - Pragma Security\" \/>\n<meta property=\"og:description\" content=\"BANQUES &#038; PRESTATAIRES DE PAIEMENT Que vous soyez une banque ou une entreprise fournissant des services de paiement par carte sur internet, mobile et en point de vente, la disponibilit\u00e9 de vos applications et services est au c\u0153ur de votre activit\u00e9.\u00a0 Pragma Security veille au bon fonctionnement et la s\u00e9curit\u00e9 de vos transactions. Pourquoi choisir [&hellip;]\" \/>\n<meta property=\"og:url\" content=\"https:\/\/pragma-security.com\/index.php\/clients\/banques-paiement\/\" \/>\n<meta property=\"og:site_name\" content=\"Pragma Security\" \/>\n<meta property=\"article:modified_time\" content=\"2019-07-22T14:45:11+00:00\" \/>\n<meta name=\"twitter:card\" content=\"summary_large_image\" \/>\n<meta name=\"twitter:label1\" content=\"Dur\u00e9e de lecture estim\u00e9e\" \/>\n\t<meta name=\"twitter:data1\" content=\"1 minute\" \/>\n<script type=\"application\/ld+json\" class=\"yoast-schema-graph\">{\"@context\":\"https:\/\/schema.org\",\"@graph\":[{\"@type\":\"WebPage\",\"@id\":\"https:\/\/pragma-security.com\/index.php\/clients\/banques-paiement\/\",\"url\":\"https:\/\/pragma-security.com\/index.php\/clients\/banques-paiement\/\",\"name\":\"Banques et prestataires de paiement - Pragma Security\",\"isPartOf\":{\"@id\":\"https:\/\/pragma-security.com\/#website\"},\"datePublished\":\"2018-04-04T13:49:56+00:00\",\"dateModified\":\"2019-07-22T14:45:11+00:00\",\"breadcrumb\":{\"@id\":\"https:\/\/pragma-security.com\/index.php\/clients\/banques-paiement\/#breadcrumb\"},\"inLanguage\":\"fr-FR\",\"potentialAction\":[{\"@type\":\"ReadAction\",\"target\":[\"https:\/\/pragma-security.com\/index.php\/clients\/banques-paiement\/\"]}]},{\"@type\":\"BreadcrumbList\",\"@id\":\"https:\/\/pragma-security.com\/index.php\/clients\/banques-paiement\/#breadcrumb\",\"itemListElement\":[{\"@type\":\"ListItem\",\"position\":1,\"name\":\"Accueil\",\"item\":\"https:\/\/pragma-security.com\/\"},{\"@type\":\"ListItem\",\"position\":2,\"name\":\"Clients\",\"item\":\"https:\/\/pragma-security.com\/index.php\/clients\/\"},{\"@type\":\"ListItem\",\"position\":3,\"name\":\"Banques et prestataires de paiement\"}]},{\"@type\":\"WebSite\",\"@id\":\"https:\/\/pragma-security.com\/#website\",\"url\":\"https:\/\/pragma-security.com\/\",\"name\":\"Pragma Security\",\"description\":\"Protection anti-DDoS | DNS | WAF\",\"publisher\":{\"@id\":\"https:\/\/pragma-security.com\/#organization\"},\"potentialAction\":[{\"@type\":\"SearchAction\",\"target\":{\"@type\":\"EntryPoint\",\"urlTemplate\":\"https:\/\/pragma-security.com\/?s={search_term_string}\"},\"query-input\":\"required name=search_term_string\"}],\"inLanguage\":\"fr-FR\"},{\"@type\":\"Organization\",\"@id\":\"https:\/\/pragma-security.com\/#organization\",\"name\":\"Pragma Security\",\"url\":\"https:\/\/pragma-security.com\/\",\"logo\":{\"@type\":\"ImageObject\",\"inLanguage\":\"fr-FR\",\"@id\":\"https:\/\/pragma-security.com\/#\/schema\/logo\/image\/\",\"url\":\"https:\/\/pragma-security.com\/wp-content\/uploads\/2018\/01\/Pragma-JPG.jpg\",\"contentUrl\":\"https:\/\/pragma-security.com\/wp-content\/uploads\/2018\/01\/Pragma-JPG.jpg\",\"width\":436,\"height\":394,\"caption\":\"Pragma Security\"},\"image\":{\"@id\":\"https:\/\/pragma-security.com\/#\/schema\/logo\/image\/\"}}]}<\/script>\n<!-- \/ Yoast SEO plugin. -->","yoast_head_json":{"title":"Banques et prestataires de paiement - Pragma Security","robots":{"index":"index","follow":"follow","max-snippet":"max-snippet:-1","max-image-preview":"max-image-preview:large","max-video-preview":"max-video-preview:-1"},"canonical":"https:\/\/pragma-security.com\/index.php\/clients\/banques-paiement\/","og_locale":"fr_FR","og_type":"article","og_title":"Banques et prestataires de paiement - Pragma Security","og_description":"BANQUES &#038; PRESTATAIRES DE PAIEMENT Que vous soyez une banque ou une entreprise fournissant des services de paiement par carte sur internet, mobile et en point de vente, la disponibilit\u00e9 de vos applications et services est au c\u0153ur de votre activit\u00e9.\u00a0 Pragma Security veille au bon fonctionnement et la s\u00e9curit\u00e9 de vos transactions. Pourquoi choisir [&hellip;]","og_url":"https:\/\/pragma-security.com\/index.php\/clients\/banques-paiement\/","og_site_name":"Pragma Security","article_modified_time":"2019-07-22T14:45:11+00:00","twitter_card":"summary_large_image","twitter_misc":{"Dur\u00e9e de lecture estim\u00e9e":"1 minute"},"schema":{"@context":"https:\/\/schema.org","@graph":[{"@type":"WebPage","@id":"https:\/\/pragma-security.com\/index.php\/clients\/banques-paiement\/","url":"https:\/\/pragma-security.com\/index.php\/clients\/banques-paiement\/","name":"Banques et prestataires de paiement - Pragma Security","isPartOf":{"@id":"https:\/\/pragma-security.com\/#website"},"datePublished":"2018-04-04T13:49:56+00:00","dateModified":"2019-07-22T14:45:11+00:00","breadcrumb":{"@id":"https:\/\/pragma-security.com\/index.php\/clients\/banques-paiement\/#breadcrumb"},"inLanguage":"fr-FR","potentialAction":[{"@type":"ReadAction","target":["https:\/\/pragma-security.com\/index.php\/clients\/banques-paiement\/"]}]},{"@type":"BreadcrumbList","@id":"https:\/\/pragma-security.com\/index.php\/clients\/banques-paiement\/#breadcrumb","itemListElement":[{"@type":"ListItem","position":1,"name":"Accueil","item":"https:\/\/pragma-security.com\/"},{"@type":"ListItem","position":2,"name":"Clients","item":"https:\/\/pragma-security.com\/index.php\/clients\/"},{"@type":"ListItem","position":3,"name":"Banques et prestataires de paiement"}]},{"@type":"WebSite","@id":"https:\/\/pragma-security.com\/#website","url":"https:\/\/pragma-security.com\/","name":"Pragma Security","description":"Protection anti-DDoS | DNS | WAF","publisher":{"@id":"https:\/\/pragma-security.com\/#organization"},"potentialAction":[{"@type":"SearchAction","target":{"@type":"EntryPoint","urlTemplate":"https:\/\/pragma-security.com\/?s={search_term_string}"},"query-input":"required name=search_term_string"}],"inLanguage":"fr-FR"},{"@type":"Organization","@id":"https:\/\/pragma-security.com\/#organization","name":"Pragma Security","url":"https:\/\/pragma-security.com\/","logo":{"@type":"ImageObject","inLanguage":"fr-FR","@id":"https:\/\/pragma-security.com\/#\/schema\/logo\/image\/","url":"https:\/\/pragma-security.com\/wp-content\/uploads\/2018\/01\/Pragma-JPG.jpg","contentUrl":"https:\/\/pragma-security.com\/wp-content\/uploads\/2018\/01\/Pragma-JPG.jpg","width":436,"height":394,"caption":"Pragma Security"},"image":{"@id":"https:\/\/pragma-security.com\/#\/schema\/logo\/image\/"}}]}},"_links":{"self":[{"href":"https:\/\/pragma-security.com\/index.php\/wp-json\/wp\/v2\/pages\/480"}],"collection":[{"href":"https:\/\/pragma-security.com\/index.php\/wp-json\/wp\/v2\/pages"}],"about":[{"href":"https:\/\/pragma-security.com\/index.php\/wp-json\/wp\/v2\/types\/page"}],"author":[{"embeddable":true,"href":"https:\/\/pragma-security.com\/index.php\/wp-json\/wp\/v2\/users\/2"}],"replies":[{"embeddable":true,"href":"https:\/\/pragma-security.com\/index.php\/wp-json\/wp\/v2\/comments?post=480"}],"version-history":[{"count":14,"href":"https:\/\/pragma-security.com\/index.php\/wp-json\/wp\/v2\/pages\/480\/revisions"}],"predecessor-version":[{"id":1041,"href":"https:\/\/pragma-security.com\/index.php\/wp-json\/wp\/v2\/pages\/480\/revisions\/1041"}],"up":[{"embeddable":true,"href":"https:\/\/pragma-security.com\/index.php\/wp-json\/wp\/v2\/pages\/472"}],"wp:attachment":[{"href":"https:\/\/pragma-security.com\/index.php\/wp-json\/wp\/v2\/media?parent=480"}],"curies":[{"name":"wp","href":"https:\/\/api.w.org\/{rel}","templated":true}]}}