{"id":48,"date":"2018-01-15T18:56:34","date_gmt":"2018-01-15T17:56:34","guid":{"rendered":"http:\/\/pragma-security.com\/?page_id=48"},"modified":"2020-07-17T12:47:40","modified_gmt":"2020-07-17T10:47:40","slug":"solutions-cybersecurite","status":"publish","type":"page","link":"https:\/\/pragma-security.com\/index.php\/solutions-cybersecurite\/","title":{"rendered":"Solutions"},"content":{"rendered":"\t\t<div data-elementor-type=\"wp-post\" data-elementor-id=\"48\" class=\"elementor elementor-48\">\n\t\t\t\t\t\t<div class=\"elementor-inner\">\n\t\t\t\t<div class=\"elementor-section-wrap\">\n\t\t\t\t\t\t\t\t\t<section class=\"elementor-section elementor-top-section elementor-element elementor-element-57c21e02 elementor-section-height-min-height elementor-section-boxed elementor-section-height-default elementor-section-items-middle\" data-id=\"57c21e02\" data-element_type=\"section\" data-settings=\"{&quot;background_background&quot;:&quot;classic&quot;}\">\n\t\t\t\t\t\t\t<div class=\"elementor-background-overlay\"><\/div>\n\t\t\t\t\t\t\t<div class=\"elementor-container elementor-column-gap-default\">\n\t\t\t\t\t\t\t<div class=\"elementor-row\">\n\t\t\t\t\t<div class=\"aux-parallax-section elementor-column elementor-col-100 elementor-top-column elementor-element elementor-element-431cce62\" data-id=\"431cce62\" data-element_type=\"column\">\n\t\t\t<div class=\"elementor-column-wrap elementor-element-populated\">\n\t\t\t\t\t\t\t<div class=\"elementor-widget-wrap\">\n\t\t\t\t\t\t<div class=\"elementor-element elementor-element-708f4310 elementor-widget elementor-widget-heading\" data-id=\"708f4310\" data-element_type=\"widget\" data-widget_type=\"heading.default\">\n\t\t\t\t<div class=\"elementor-widget-container\">\n\t\t\t<h1 class=\"elementor-heading-title elementor-size-large\">DECOUVREZ NOS SOLUTIONS <\/h1>\t\t<\/div>\n\t\t\t\t<\/div>\n\t\t\t\t<div class=\"elementor-element elementor-element-8b2059 elementor-widget-divider--view-line elementor-widget elementor-widget-divider\" data-id=\"8b2059\" data-element_type=\"widget\" data-widget_type=\"divider.default\">\n\t\t\t\t<div class=\"elementor-widget-container\">\n\t\t\t\t\t<div class=\"elementor-divider\">\n\t\t\t<span class=\"elementor-divider-separator\">\n\t\t\t\t\t\t<\/span>\n\t\t<\/div>\n\t\t\t\t<\/div>\n\t\t\t\t<\/div>\n\t\t\t\t<div class=\"elementor-element elementor-element-4de7a5d8 elementor-widget elementor-widget-heading\" data-id=\"4de7a5d8\" data-element_type=\"widget\" data-widget_type=\"heading.default\">\n\t\t\t\t<div class=\"elementor-widget-container\">\n\t\t\t<p class=\"elementor-heading-title elementor-size-medium\">Nous sommes partenaires de Qrator et Wallarm afin de s\u00e9curiser au mieux votre site et vos applications <\/p>\t\t<\/div>\n\t\t\t\t<\/div>\n\t\t\t\t\t\t<\/div>\n\t\t\t\t\t<\/div>\n\t\t<\/div>\n\t\t\t\t\t\t\t\t<\/div>\n\t\t\t\t\t<\/div>\n\t\t<\/section>\n\t\t\t\t<section class=\"elementor-section elementor-top-section elementor-element elementor-element-62df176c elementor-section-height-min-height elementor-section-content-middle elementor-section-boxed elementor-section-height-default elementor-section-items-middle\" data-id=\"62df176c\" data-element_type=\"section\" data-settings=\"{&quot;background_background&quot;:&quot;classic&quot;}\">\n\t\t\t\t\t\t<div class=\"elementor-container elementor-column-gap-default\">\n\t\t\t\t\t\t\t<div class=\"elementor-row\">\n\t\t\t\t\t<div class=\"aux-parallax-section elementor-column elementor-col-100 elementor-top-column elementor-element elementor-element-283a5282\" data-id=\"283a5282\" data-element_type=\"column\">\n\t\t\t<div class=\"elementor-column-wrap elementor-element-populated\">\n\t\t\t\t\t\t\t<div class=\"elementor-widget-wrap\">\n\t\t\t\t\t\t<div class=\"elementor-element elementor-element-6df6687e elementor-widget elementor-widget-heading\" data-id=\"6df6687e\" data-element_type=\"widget\" data-widget_type=\"heading.default\">\n\t\t\t\t<div class=\"elementor-widget-container\">\n\t\t\t<h2 class=\"elementor-heading-title elementor-size-xl\">Nos solutions<\/h2>\t\t<\/div>\n\t\t\t\t<\/div>\n\t\t\t\t<section class=\"elementor-section elementor-inner-section elementor-element elementor-element-e7a1423 elementor-section-boxed elementor-section-height-default elementor-section-height-default\" data-id=\"e7a1423\" data-element_type=\"section\">\n\t\t\t\t\t\t<div class=\"elementor-container elementor-column-gap-default\">\n\t\t\t\t\t\t\t<div class=\"elementor-row\">\n\t\t\t\t\t<div class=\"aux-parallax-section elementor-column elementor-col-50 elementor-inner-column elementor-element elementor-element-64578cf5\" data-id=\"64578cf5\" data-element_type=\"column\">\n\t\t\t<div class=\"elementor-column-wrap elementor-element-populated\">\n\t\t\t\t\t\t\t<div class=\"elementor-widget-wrap\">\n\t\t\t\t\t\t<div class=\"elementor-element elementor-element-11b56183 elementor-position-left elementor-view-default elementor-mobile-position-top elementor-vertical-align-top elementor-widget elementor-widget-icon-box\" data-id=\"11b56183\" data-element_type=\"widget\" data-widget_type=\"icon-box.default\">\n\t\t\t\t<div class=\"elementor-widget-container\">\n\t\t\t\t\t<div class=\"elementor-icon-box-wrapper\">\n\t\t\t\t\t\t<div class=\"elementor-icon-box-icon\">\n\t\t\t\t<span class=\"elementor-icon elementor-animation-grow\" >\n\t\t\t\t<i aria-hidden=\"true\" class=\"fas fa-angle-double-right\"><\/i>\t\t\t\t<\/span>\n\t\t\t<\/div>\n\t\t\t\t\t\t<div class=\"elementor-icon-box-content\">\n\t\t\t\t<h3 class=\"elementor-icon-box-title\">\n\t\t\t\t\t<span  >\n\t\t\t\t\t\tProtection anti-DDos &amp; DNS\t\t\t\t\t<\/span>\n\t\t\t\t<\/h3>\n\t\t\t\t\t\t\t\t\t<p class=\"elementor-icon-box-description\">\n\t\t\t\t\t\tNous prot\u00e9geons votre site internet de fa\u00e7on proactive contre toutes attaques DDoS nuisibles.\u00a0\u00a0\t\t\t\t\t<\/p>\n\t\t\t\t\t\t\t<\/div>\n\t\t<\/div>\n\t\t\t\t<\/div>\n\t\t\t\t<\/div>\n\t\t\t\t<div class=\"elementor-element elementor-element-576f066f elementor-align-center elementor-widget elementor-widget-button\" data-id=\"576f066f\" data-element_type=\"widget\" data-widget_type=\"button.default\">\n\t\t\t\t<div class=\"elementor-widget-container\">\n\t\t\t\t\t<div class=\"elementor-button-wrapper\">\n\t\t\t<a href=\"https:\/\/pragma-security.com\/index.php\/tarif\/\" class=\"elementor-button-link elementor-button elementor-size-sm\" role=\"button\">\n\t\t\t\t\t\t<span class=\"elementor-button-content-wrapper\">\n\t\t\t\t\t\t<span class=\"elementor-button-text\">Voir les diff\u00e9rentes options de protection<\/span>\n\t\t<\/span>\n\t\t\t\t\t<\/a>\n\t\t<\/div>\n\t\t\t\t<\/div>\n\t\t\t\t<\/div>\n\t\t\t\t\t\t<\/div>\n\t\t\t\t\t<\/div>\n\t\t<\/div>\n\t\t\t\t<div class=\"aux-parallax-section elementor-column elementor-col-50 elementor-inner-column elementor-element elementor-element-e0638e1\" data-id=\"e0638e1\" data-element_type=\"column\">\n\t\t\t<div class=\"elementor-column-wrap elementor-element-populated\">\n\t\t\t\t\t\t\t<div class=\"elementor-widget-wrap\">\n\t\t\t\t\t\t<div class=\"elementor-element elementor-element-56d9ab6f elementor-position-left elementor-view-default elementor-mobile-position-top elementor-vertical-align-top elementor-widget elementor-widget-icon-box\" data-id=\"56d9ab6f\" data-element_type=\"widget\" data-widget_type=\"icon-box.default\">\n\t\t\t\t<div class=\"elementor-widget-container\">\n\t\t\t\t\t<div class=\"elementor-icon-box-wrapper\">\n\t\t\t\t\t\t<div class=\"elementor-icon-box-icon\">\n\t\t\t\t<span class=\"elementor-icon elementor-animation-grow\" >\n\t\t\t\t<i aria-hidden=\"true\" class=\"fas fa-angle-double-right\"><\/i>\t\t\t\t<\/span>\n\t\t\t<\/div>\n\t\t\t\t\t\t<div class=\"elementor-icon-box-content\">\n\t\t\t\t<h3 class=\"elementor-icon-box-title\">\n\t\t\t\t\t<span  >\n\t\t\t\t\t\tPare-feu applicatif\t\t\t\t\t<\/span>\n\t\t\t\t<\/h3>\n\t\t\t\t\t\t\t\t\t<p class=\"elementor-icon-box-description\">\n\t\t\t\t\t\tNous fournissons un syst\u00e8me d\u2019audit, d\u2019alerte et de rem\u00e9diation des vuln\u00e9rabilit\u00e9s au niveau applicatif.\t\t\t\t\t<\/p>\n\t\t\t\t\t\t\t<\/div>\n\t\t<\/div>\n\t\t\t\t<\/div>\n\t\t\t\t<\/div>\n\t\t\t\t<div class=\"elementor-element elementor-element-7a101b11 elementor-align-center elementor-widget elementor-widget-button\" data-id=\"7a101b11\" data-element_type=\"widget\" data-widget_type=\"button.default\">\n\t\t\t\t<div class=\"elementor-widget-container\">\n\t\t\t\t\t<div class=\"elementor-button-wrapper\">\n\t\t\t<a href=\"https:\/\/pragma-security.com\/index.php\/pare-feu-applicatif-web-waf\/\" class=\"elementor-button-link elementor-button elementor-size-sm\" role=\"button\">\n\t\t\t\t\t\t<span class=\"elementor-button-content-wrapper\">\n\t\t\t\t\t\t<span class=\"elementor-button-text\">En savoir plus sur le pare-feu<\/span>\n\t\t<\/span>\n\t\t\t\t\t<\/a>\n\t\t<\/div>\n\t\t\t\t<\/div>\n\t\t\t\t<\/div>\n\t\t\t\t\t\t<\/div>\n\t\t\t\t\t<\/div>\n\t\t<\/div>\n\t\t\t\t\t\t\t\t<\/div>\n\t\t\t\t\t<\/div>\n\t\t<\/section>\n\t\t\t\t<section class=\"elementor-section elementor-inner-section elementor-element elementor-element-5a787051 elementor-section-boxed elementor-section-height-default elementor-section-height-default\" data-id=\"5a787051\" data-element_type=\"section\">\n\t\t\t\t\t\t<div class=\"elementor-container elementor-column-gap-default\">\n\t\t\t\t\t\t\t<div class=\"elementor-row\">\n\t\t\t\t\t<div class=\"aux-parallax-section elementor-column elementor-col-50 elementor-inner-column elementor-element elementor-element-67974a83\" data-id=\"67974a83\" data-element_type=\"column\">\n\t\t\t<div class=\"elementor-column-wrap elementor-element-populated\">\n\t\t\t\t\t\t\t<div class=\"elementor-widget-wrap\">\n\t\t\t\t\t\t<div class=\"elementor-element elementor-element-36e6d7f8 elementor-position-left elementor-view-default elementor-mobile-position-top elementor-vertical-align-top elementor-widget elementor-widget-icon-box\" data-id=\"36e6d7f8\" data-element_type=\"widget\" data-widget_type=\"icon-box.default\">\n\t\t\t\t<div class=\"elementor-widget-container\">\n\t\t\t\t\t<div class=\"elementor-icon-box-wrapper\">\n\t\t\t\t\t\t<div class=\"elementor-icon-box-icon\">\n\t\t\t\t<span class=\"elementor-icon elementor-animation-grow\" >\n\t\t\t\t<i aria-hidden=\"true\" class=\"fas fa-angle-double-right\"><\/i>\t\t\t\t<\/span>\n\t\t\t<\/div>\n\t\t\t\t\t\t<div class=\"elementor-icon-box-content\">\n\t\t\t\t<h3 class=\"elementor-icon-box-title\">\n\t\t\t\t\t<span  >\n\t\t\t\t\t\tMonitoring BGP\t\t\t\t\t<\/span>\n\t\t\t\t<\/h3>\n\t\t\t\t\t\t\t\t\t<p class=\"elementor-icon-box-description\">\n\t\t\t\t\t\tLe service Radar surveille les annonces BGP de votre r\u00e9seau sur le net afin de d\u00e9tecter toutes anomalies sur votre ASN.\t\t\t\t\t<\/p>\n\t\t\t\t\t\t\t<\/div>\n\t\t<\/div>\n\t\t\t\t<\/div>\n\t\t\t\t<\/div>\n\t\t\t\t<div class=\"elementor-element elementor-element-61cb4952 elementor-align-center elementor-widget elementor-widget-button\" data-id=\"61cb4952\" data-element_type=\"widget\" data-widget_type=\"button.default\">\n\t\t\t\t<div class=\"elementor-widget-container\">\n\t\t\t\t\t<div class=\"elementor-button-wrapper\">\n\t\t\t<a href=\"https:\/\/pragma-security.com\/index.php\/monitoring-bgp\/\" class=\"elementor-button-link elementor-button elementor-size-sm\" role=\"button\">\n\t\t\t\t\t\t<span class=\"elementor-button-content-wrapper\">\n\t\t\t\t\t\t<span class=\"elementor-button-text\">D\u00e9couvrir Radar<\/span>\n\t\t<\/span>\n\t\t\t\t\t<\/a>\n\t\t<\/div>\n\t\t\t\t<\/div>\n\t\t\t\t<\/div>\n\t\t\t\t\t\t<\/div>\n\t\t\t\t\t<\/div>\n\t\t<\/div>\n\t\t\t\t<div class=\"aux-parallax-section elementor-column elementor-col-50 elementor-inner-column elementor-element elementor-element-30380757\" data-id=\"30380757\" data-element_type=\"column\">\n\t\t\t<div class=\"elementor-column-wrap elementor-element-populated\">\n\t\t\t\t\t\t\t<div class=\"elementor-widget-wrap\">\n\t\t\t\t\t\t<div class=\"elementor-element elementor-element-47185b62 elementor-position-left elementor-view-default elementor-mobile-position-top elementor-vertical-align-top elementor-widget elementor-widget-icon-box\" data-id=\"47185b62\" data-element_type=\"widget\" data-widget_type=\"icon-box.default\">\n\t\t\t\t<div class=\"elementor-widget-container\">\n\t\t\t\t\t<div class=\"elementor-icon-box-wrapper\">\n\t\t\t\t\t\t<div class=\"elementor-icon-box-icon\">\n\t\t\t\t<span class=\"elementor-icon elementor-animation-grow\" >\n\t\t\t\t<i aria-hidden=\"true\" class=\"fas fa-angle-double-right\"><\/i>\t\t\t\t<\/span>\n\t\t\t<\/div>\n\t\t\t\t\t\t<div class=\"elementor-icon-box-content\">\n\t\t\t\t<h3 class=\"elementor-icon-box-title\">\n\t\t\t\t\t<span  >\n\t\t\t\t\t\tT\u00e9l\u00e9m\u00e9trie &amp; big data\t\t\t\t\t<\/span>\n\t\t\t\t<\/h3>\n\t\t\t\t\t\t\t\t\t<p class=\"elementor-icon-box-description\">\n\t\t\t\t\t\tNous vous proposons l'analyse et l'acc\u00e8s au traitement de vos flux de donn\u00e9es via une interface web d\u00e9di\u00e9e et enti\u00e8rement personnalisable.\t\t\t\t\t<\/p>\n\t\t\t\t\t\t\t<\/div>\n\t\t<\/div>\n\t\t\t\t<\/div>\n\t\t\t\t<\/div>\n\t\t\t\t<div class=\"elementor-element elementor-element-1192acfb elementor-align-center elementor-widget elementor-widget-button\" data-id=\"1192acfb\" data-element_type=\"widget\" data-widget_type=\"button.default\">\n\t\t\t\t<div class=\"elementor-widget-container\">\n\t\t\t\t\t<div class=\"elementor-button-wrapper\">\n\t\t\t<a href=\"https:\/\/pragma-security.com\/index.php\/monitoring-bgp\/\" class=\"elementor-button-link elementor-button elementor-size-sm\" role=\"button\">\n\t\t\t\t\t\t<span class=\"elementor-button-content-wrapper\">\n\t\t\t\t\t\t<span class=\"elementor-button-text\">En savoir plus sur la solution PASS<\/span>\n\t\t<\/span>\n\t\t\t\t\t<\/a>\n\t\t<\/div>\n\t\t\t\t<\/div>\n\t\t\t\t<\/div>\n\t\t\t\t\t\t<\/div>\n\t\t\t\t\t<\/div>\n\t\t<\/div>\n\t\t\t\t\t\t\t\t<\/div>\n\t\t\t\t\t<\/div>\n\t\t<\/section>\n\t\t\t\t\t\t<\/div>\n\t\t\t\t\t<\/div>\n\t\t<\/div>\n\t\t\t\t\t\t\t\t<\/div>\n\t\t\t\t\t<\/div>\n\t\t<\/section>\n\t\t\t\t<section class=\"elementor-section elementor-top-section elementor-element elementor-element-8cf0bf3 elementor-section-boxed elementor-section-height-default elementor-section-height-default\" data-id=\"8cf0bf3\" data-element_type=\"section\">\n\t\t\t\t\t\t<div class=\"elementor-container elementor-column-gap-default\">\n\t\t\t\t\t\t\t<div class=\"elementor-row\">\n\t\t\t\t\t<div class=\"aux-parallax-section elementor-column elementor-col-100 elementor-top-column elementor-element elementor-element-711089b7\" data-id=\"711089b7\" data-element_type=\"column\">\n\t\t\t<div class=\"elementor-column-wrap elementor-element-populated\">\n\t\t\t\t\t\t\t<div class=\"elementor-widget-wrap\">\n\t\t\t\t\t\t<div class=\"elementor-element elementor-element-60ded008 elementor-widget elementor-widget-spacer\" data-id=\"60ded008\" data-element_type=\"widget\" data-widget_type=\"spacer.default\">\n\t\t\t\t<div class=\"elementor-widget-container\">\n\t\t\t\t\t<div class=\"elementor-spacer\">\n\t\t\t<div class=\"elementor-spacer-inner\"><\/div>\n\t\t<\/div>\n\t\t\t\t<\/div>\n\t\t\t\t<\/div>\n\t\t\t\t<div class=\"elementor-element elementor-element-fbb4c1f elementor-widget elementor-widget-heading\" data-id=\"fbb4c1f\" data-element_type=\"widget\" data-widget_type=\"heading.default\">\n\t\t\t\t<div class=\"elementor-widget-container\">\n\t\t\t<h5 class=\"elementor-heading-title elementor-size-medium\">Nous sommes aussi sur les r\u00e9seaux sociaux<\/h5>\t\t<\/div>\n\t\t\t\t<\/div>\n\t\t\t\t<div class=\"elementor-element elementor-element-76e061dc elementor-widget elementor-widget-spacer\" data-id=\"76e061dc\" data-element_type=\"widget\" data-widget_type=\"spacer.default\">\n\t\t\t\t<div class=\"elementor-widget-container\">\n\t\t\t\t\t<div class=\"elementor-spacer\">\n\t\t\t<div class=\"elementor-spacer-inner\"><\/div>\n\t\t<\/div>\n\t\t\t\t<\/div>\n\t\t\t\t<\/div>\n\t\t\t\t<div class=\"elementor-element elementor-element-41ce473f elementor-shape-circle elementor-grid-0 e-grid-align-center elementor-widget elementor-widget-social-icons\" data-id=\"41ce473f\" data-element_type=\"widget\" data-widget_type=\"social-icons.default\">\n\t\t\t\t<div class=\"elementor-widget-container\">\n\t\t\t\t\t<div class=\"elementor-social-icons-wrapper elementor-grid\">\n\t\t\t\t\t\t\t<span class=\"elementor-grid-item\">\n\t\t\t\t\t<a class=\"elementor-icon elementor-social-icon elementor-social-icon-facebook-f elementor-repeater-item-6733628\" href=\"https:\/\/web.facebook.com\/pragmasec\/\" target=\"_blank\">\n\t\t\t\t\t\t<span class=\"elementor-screen-only\">Facebook-f<\/span>\n\t\t\t\t\t\t<i class=\"fab fa-facebook-f\"><\/i>\t\t\t\t\t<\/a>\n\t\t\t\t<\/span>\n\t\t\t\t\t\t\t<span class=\"elementor-grid-item\">\n\t\t\t\t\t<a class=\"elementor-icon elementor-social-icon elementor-social-icon-twitter elementor-repeater-item-4c75ed4\" href=\"http:\/\/www.twitter.com\/pragmasecurity\" target=\"_blank\">\n\t\t\t\t\t\t<span class=\"elementor-screen-only\">Twitter<\/span>\n\t\t\t\t\t\t<i class=\"fab fa-twitter\"><\/i>\t\t\t\t\t<\/a>\n\t\t\t\t<\/span>\n\t\t\t\t\t\t\t<span class=\"elementor-grid-item\">\n\t\t\t\t\t<a class=\"elementor-icon elementor-social-icon elementor-social-icon-linkedin-in elementor-repeater-item-fe95a66\" href=\"http:\/\/www.linkedin.com\/company\/pragma-security\" target=\"_blank\">\n\t\t\t\t\t\t<span class=\"elementor-screen-only\">Linkedin-in<\/span>\n\t\t\t\t\t\t<i class=\"fab fa-linkedin-in\"><\/i>\t\t\t\t\t<\/a>\n\t\t\t\t<\/span>\n\t\t\t\t\t<\/div>\n\t\t\t\t<\/div>\n\t\t\t\t<\/div>\n\t\t\t\t\t\t<\/div>\n\t\t\t\t\t<\/div>\n\t\t<\/div>\n\t\t\t\t\t\t\t\t<\/div>\n\t\t\t\t\t<\/div>\n\t\t<\/section>\n\t\t\t\t\t\t\t\t\t<\/div>\n\t\t\t<\/div>\n\t\t\t\t\t<\/div>\n\t\t","protected":false},"excerpt":{"rendered":"<p>DECOUVREZ NOS SOLUTIONS Nous sommes partenaires de Qrator et Wallarm afin de s\u00e9curiser au mieux votre site et vos applications Nos solutions Protection anti-DDos &amp; DNS Nous prot\u00e9geons votre site internet de fa\u00e7on proactive contre toutes attaques DDoS nuisibles.\u00a0\u00a0 Voir les diff\u00e9rentes options de protection Pare-feu applicatif Nous fournissons un syst\u00e8me d\u2019audit, d\u2019alerte et de [&hellip;]<\/p>\n","protected":false},"author":2,"featured_media":0,"parent":0,"menu_order":0,"comment_status":"closed","ping_status":"closed","template":"","meta":{"_mi_skip_tracking":false},"yoast_head":"<!-- This site is optimized with the Yoast SEO plugin v19.13 - https:\/\/yoast.com\/wordpress\/plugins\/seo\/ -->\n<title>Solutions en cybers\u00e9curit\u00e9 et cyberd\u00e9fense pour les entreprises fran\u00e7aises<\/title>\n<meta name=\"description\" content=\"Pragma Security vous offre un portefeuille complet de solutions de cybers\u00e9curit\u00e9 et cyberd\u00e9fense. Votre site internet est menac\u00e9e ou sous attaque DDoS? Ou vous souhaitez une protection continue pour \u00e9viter tout incident? D\u00e9couvrez nos offres anti-DDoS, de protection DNS et de pare-feu applicatif (WAF)\" \/>\n<meta name=\"robots\" content=\"index, follow, max-snippet:-1, max-image-preview:large, max-video-preview:-1\" \/>\n<link rel=\"canonical\" href=\"https:\/\/pragma-security.com\/index.php\/solutions-cybersecurite\/\" \/>\n<meta property=\"og:locale\" content=\"fr_FR\" \/>\n<meta property=\"og:type\" content=\"article\" \/>\n<meta property=\"og:title\" content=\"Solutions en cybers\u00e9curit\u00e9 et cyberd\u00e9fense pour les entreprises fran\u00e7aises\" \/>\n<meta property=\"og:description\" content=\"Pragma Security vous offre un portefeuille complet de solutions de cybers\u00e9curit\u00e9 et cyberd\u00e9fense. Votre site internet est menac\u00e9e ou sous attaque DDoS? Ou vous souhaitez une protection continue pour \u00e9viter tout incident? D\u00e9couvrez nos offres anti-DDoS, de protection DNS et de pare-feu applicatif (WAF)\" \/>\n<meta property=\"og:url\" content=\"https:\/\/pragma-security.com\/index.php\/solutions-cybersecurite\/\" \/>\n<meta property=\"og:site_name\" content=\"Pragma Security\" \/>\n<meta property=\"article:modified_time\" content=\"2020-07-17T10:47:40+00:00\" \/>\n<meta name=\"twitter:card\" content=\"summary_large_image\" \/>\n<meta name=\"twitter:label1\" content=\"Dur\u00e9e de lecture estim\u00e9e\" \/>\n\t<meta name=\"twitter:data1\" content=\"1 minute\" \/>\n<script type=\"application\/ld+json\" class=\"yoast-schema-graph\">{\"@context\":\"https:\/\/schema.org\",\"@graph\":[{\"@type\":\"WebPage\",\"@id\":\"https:\/\/pragma-security.com\/index.php\/solutions-cybersecurite\/\",\"url\":\"https:\/\/pragma-security.com\/index.php\/solutions-cybersecurite\/\",\"name\":\"Solutions en cybers\u00e9curit\u00e9 et cyberd\u00e9fense pour les entreprises fran\u00e7aises\",\"isPartOf\":{\"@id\":\"https:\/\/pragma-security.com\/#website\"},\"datePublished\":\"2018-01-15T17:56:34+00:00\",\"dateModified\":\"2020-07-17T10:47:40+00:00\",\"description\":\"Pragma Security vous offre un portefeuille complet de solutions de cybers\u00e9curit\u00e9 et cyberd\u00e9fense. Votre site internet est menac\u00e9e ou sous attaque DDoS? Ou vous souhaitez une protection continue pour \u00e9viter tout incident? D\u00e9couvrez nos offres anti-DDoS, de protection DNS et de pare-feu applicatif (WAF)\",\"breadcrumb\":{\"@id\":\"https:\/\/pragma-security.com\/index.php\/solutions-cybersecurite\/#breadcrumb\"},\"inLanguage\":\"fr-FR\",\"potentialAction\":[{\"@type\":\"ReadAction\",\"target\":[\"https:\/\/pragma-security.com\/index.php\/solutions-cybersecurite\/\"]}]},{\"@type\":\"BreadcrumbList\",\"@id\":\"https:\/\/pragma-security.com\/index.php\/solutions-cybersecurite\/#breadcrumb\",\"itemListElement\":[{\"@type\":\"ListItem\",\"position\":1,\"name\":\"Accueil\",\"item\":\"https:\/\/pragma-security.com\/\"},{\"@type\":\"ListItem\",\"position\":2,\"name\":\"Solutions\"}]},{\"@type\":\"WebSite\",\"@id\":\"https:\/\/pragma-security.com\/#website\",\"url\":\"https:\/\/pragma-security.com\/\",\"name\":\"Pragma Security\",\"description\":\"Protection anti-DDoS | DNS | WAF\",\"publisher\":{\"@id\":\"https:\/\/pragma-security.com\/#organization\"},\"potentialAction\":[{\"@type\":\"SearchAction\",\"target\":{\"@type\":\"EntryPoint\",\"urlTemplate\":\"https:\/\/pragma-security.com\/?s={search_term_string}\"},\"query-input\":\"required name=search_term_string\"}],\"inLanguage\":\"fr-FR\"},{\"@type\":\"Organization\",\"@id\":\"https:\/\/pragma-security.com\/#organization\",\"name\":\"Pragma Security\",\"url\":\"https:\/\/pragma-security.com\/\",\"logo\":{\"@type\":\"ImageObject\",\"inLanguage\":\"fr-FR\",\"@id\":\"https:\/\/pragma-security.com\/#\/schema\/logo\/image\/\",\"url\":\"https:\/\/pragma-security.com\/wp-content\/uploads\/2018\/01\/Pragma-JPG.jpg\",\"contentUrl\":\"https:\/\/pragma-security.com\/wp-content\/uploads\/2018\/01\/Pragma-JPG.jpg\",\"width\":436,\"height\":394,\"caption\":\"Pragma Security\"},\"image\":{\"@id\":\"https:\/\/pragma-security.com\/#\/schema\/logo\/image\/\"}}]}<\/script>\n<!-- \/ Yoast SEO plugin. -->","yoast_head_json":{"title":"Solutions en cybers\u00e9curit\u00e9 et cyberd\u00e9fense pour les entreprises fran\u00e7aises","description":"Pragma Security vous offre un portefeuille complet de solutions de cybers\u00e9curit\u00e9 et cyberd\u00e9fense. Votre site internet est menac\u00e9e ou sous attaque DDoS? Ou vous souhaitez une protection continue pour \u00e9viter tout incident? D\u00e9couvrez nos offres anti-DDoS, de protection DNS et de pare-feu applicatif (WAF)","robots":{"index":"index","follow":"follow","max-snippet":"max-snippet:-1","max-image-preview":"max-image-preview:large","max-video-preview":"max-video-preview:-1"},"canonical":"https:\/\/pragma-security.com\/index.php\/solutions-cybersecurite\/","og_locale":"fr_FR","og_type":"article","og_title":"Solutions en cybers\u00e9curit\u00e9 et cyberd\u00e9fense pour les entreprises fran\u00e7aises","og_description":"Pragma Security vous offre un portefeuille complet de solutions de cybers\u00e9curit\u00e9 et cyberd\u00e9fense. Votre site internet est menac\u00e9e ou sous attaque DDoS? Ou vous souhaitez une protection continue pour \u00e9viter tout incident? D\u00e9couvrez nos offres anti-DDoS, de protection DNS et de pare-feu applicatif (WAF)","og_url":"https:\/\/pragma-security.com\/index.php\/solutions-cybersecurite\/","og_site_name":"Pragma Security","article_modified_time":"2020-07-17T10:47:40+00:00","twitter_card":"summary_large_image","twitter_misc":{"Dur\u00e9e de lecture estim\u00e9e":"1 minute"},"schema":{"@context":"https:\/\/schema.org","@graph":[{"@type":"WebPage","@id":"https:\/\/pragma-security.com\/index.php\/solutions-cybersecurite\/","url":"https:\/\/pragma-security.com\/index.php\/solutions-cybersecurite\/","name":"Solutions en cybers\u00e9curit\u00e9 et cyberd\u00e9fense pour les entreprises fran\u00e7aises","isPartOf":{"@id":"https:\/\/pragma-security.com\/#website"},"datePublished":"2018-01-15T17:56:34+00:00","dateModified":"2020-07-17T10:47:40+00:00","description":"Pragma Security vous offre un portefeuille complet de solutions de cybers\u00e9curit\u00e9 et cyberd\u00e9fense. Votre site internet est menac\u00e9e ou sous attaque DDoS? Ou vous souhaitez une protection continue pour \u00e9viter tout incident? D\u00e9couvrez nos offres anti-DDoS, de protection DNS et de pare-feu applicatif (WAF)","breadcrumb":{"@id":"https:\/\/pragma-security.com\/index.php\/solutions-cybersecurite\/#breadcrumb"},"inLanguage":"fr-FR","potentialAction":[{"@type":"ReadAction","target":["https:\/\/pragma-security.com\/index.php\/solutions-cybersecurite\/"]}]},{"@type":"BreadcrumbList","@id":"https:\/\/pragma-security.com\/index.php\/solutions-cybersecurite\/#breadcrumb","itemListElement":[{"@type":"ListItem","position":1,"name":"Accueil","item":"https:\/\/pragma-security.com\/"},{"@type":"ListItem","position":2,"name":"Solutions"}]},{"@type":"WebSite","@id":"https:\/\/pragma-security.com\/#website","url":"https:\/\/pragma-security.com\/","name":"Pragma Security","description":"Protection anti-DDoS | DNS | WAF","publisher":{"@id":"https:\/\/pragma-security.com\/#organization"},"potentialAction":[{"@type":"SearchAction","target":{"@type":"EntryPoint","urlTemplate":"https:\/\/pragma-security.com\/?s={search_term_string}"},"query-input":"required name=search_term_string"}],"inLanguage":"fr-FR"},{"@type":"Organization","@id":"https:\/\/pragma-security.com\/#organization","name":"Pragma Security","url":"https:\/\/pragma-security.com\/","logo":{"@type":"ImageObject","inLanguage":"fr-FR","@id":"https:\/\/pragma-security.com\/#\/schema\/logo\/image\/","url":"https:\/\/pragma-security.com\/wp-content\/uploads\/2018\/01\/Pragma-JPG.jpg","contentUrl":"https:\/\/pragma-security.com\/wp-content\/uploads\/2018\/01\/Pragma-JPG.jpg","width":436,"height":394,"caption":"Pragma Security"},"image":{"@id":"https:\/\/pragma-security.com\/#\/schema\/logo\/image\/"}}]}},"_links":{"self":[{"href":"https:\/\/pragma-security.com\/index.php\/wp-json\/wp\/v2\/pages\/48"}],"collection":[{"href":"https:\/\/pragma-security.com\/index.php\/wp-json\/wp\/v2\/pages"}],"about":[{"href":"https:\/\/pragma-security.com\/index.php\/wp-json\/wp\/v2\/types\/page"}],"author":[{"embeddable":true,"href":"https:\/\/pragma-security.com\/index.php\/wp-json\/wp\/v2\/users\/2"}],"replies":[{"embeddable":true,"href":"https:\/\/pragma-security.com\/index.php\/wp-json\/wp\/v2\/comments?post=48"}],"version-history":[{"count":16,"href":"https:\/\/pragma-security.com\/index.php\/wp-json\/wp\/v2\/pages\/48\/revisions"}],"predecessor-version":[{"id":1242,"href":"https:\/\/pragma-security.com\/index.php\/wp-json\/wp\/v2\/pages\/48\/revisions\/1242"}],"wp:attachment":[{"href":"https:\/\/pragma-security.com\/index.php\/wp-json\/wp\/v2\/media?parent=48"}],"curies":[{"name":"wp","href":"https:\/\/api.w.org\/{rel}","templated":true}]}}