{"id":1129,"date":"2020-06-04T15:47:12","date_gmt":"2020-06-04T13:47:12","guid":{"rendered":"https:\/\/pragma-security.com\/?page_id=1129"},"modified":"2020-07-21T19:58:20","modified_gmt":"2020-07-21T17:58:20","slug":"ressources","status":"publish","type":"page","link":"https:\/\/pragma-security.com\/index.php\/ressources\/","title":{"rendered":"Ressources"},"content":{"rendered":"\t\t<div data-elementor-type=\"wp-page\" data-elementor-id=\"1129\" class=\"elementor elementor-1129\">\n\t\t\t\t\t\t<div class=\"elementor-inner\">\n\t\t\t\t<div class=\"elementor-section-wrap\">\n\t\t\t\t\t\t\t\t\t<section class=\"elementor-section elementor-top-section elementor-element elementor-element-301c44b1 elementor-section-height-min-height elementor-section-boxed elementor-section-height-default elementor-section-items-middle\" data-id=\"301c44b1\" data-element_type=\"section\" data-settings=\"{&quot;background_background&quot;:&quot;classic&quot;}\">\n\t\t\t\t\t\t\t<div class=\"elementor-background-overlay\"><\/div>\n\t\t\t\t\t\t\t<div class=\"elementor-container elementor-column-gap-default\">\n\t\t\t\t\t\t\t<div class=\"elementor-row\">\n\t\t\t\t\t<div class=\"aux-parallax-section elementor-column elementor-col-100 elementor-top-column elementor-element elementor-element-43bfcf9f\" data-id=\"43bfcf9f\" data-element_type=\"column\">\n\t\t\t<div class=\"elementor-column-wrap elementor-element-populated\">\n\t\t\t\t\t\t\t<div class=\"elementor-widget-wrap\">\n\t\t\t\t\t\t<div class=\"elementor-element elementor-element-59d55db8 elementor-widget elementor-widget-heading\" data-id=\"59d55db8\" data-element_type=\"widget\" data-widget_type=\"heading.default\">\n\t\t\t\t<div class=\"elementor-widget-container\">\n\t\t\t<h2 class=\"elementor-heading-title elementor-size-large\">RESSOURCES<\/h2>\t\t<\/div>\n\t\t\t\t<\/div>\n\t\t\t\t<div class=\"elementor-element elementor-element-2c4624ed elementor-widget-divider--view-line elementor-widget elementor-widget-divider\" data-id=\"2c4624ed\" data-element_type=\"widget\" data-widget_type=\"divider.default\">\n\t\t\t\t<div class=\"elementor-widget-container\">\n\t\t\t\t\t<div class=\"elementor-divider\">\n\t\t\t<span class=\"elementor-divider-separator\">\n\t\t\t\t\t\t<\/span>\n\t\t<\/div>\n\t\t\t\t<\/div>\n\t\t\t\t<\/div>\n\t\t\t\t\t\t<\/div>\n\t\t\t\t\t<\/div>\n\t\t<\/div>\n\t\t\t\t\t\t\t\t<\/div>\n\t\t\t\t\t<\/div>\n\t\t<\/section>\n\t\t\t\t<section class=\"elementor-section elementor-top-section elementor-element elementor-element-00e80df elementor-section-boxed elementor-section-height-default elementor-section-height-default\" data-id=\"00e80df\" data-element_type=\"section\">\n\t\t\t\t\t\t<div class=\"elementor-container elementor-column-gap-default\">\n\t\t\t\t\t\t\t<div class=\"elementor-row\">\n\t\t\t\t\t<div class=\"aux-parallax-section elementor-column elementor-col-50 elementor-top-column elementor-element elementor-element-1219931\" data-id=\"1219931\" data-element_type=\"column\">\n\t\t\t<div class=\"elementor-column-wrap elementor-element-populated\">\n\t\t\t\t\t\t\t<div class=\"elementor-widget-wrap\">\n\t\t\t\t\t\t<div class=\"elementor-element elementor-element-6474e1b elementor-widget elementor-widget-heading\" data-id=\"6474e1b\" data-element_type=\"widget\" data-widget_type=\"heading.default\">\n\t\t\t\t<div class=\"elementor-widget-container\">\n\t\t\t<h3 class=\"elementor-heading-title elementor-size-default\"><a href=\"https:\/\/pragma-security.com\/index.php\/webinar\/\">Webinars<\/a><\/h3>\t\t<\/div>\n\t\t\t\t<\/div>\n\t\t\t\t<div class=\"elementor-element elementor-element-ee60800 elementor-widget elementor-widget-heading\" data-id=\"ee60800\" data-element_type=\"widget\" data-widget_type=\"heading.default\">\n\t\t\t\t<div class=\"elementor-widget-container\">\n\t\t\t<h4 class=\"elementor-heading-title elementor-size-default\"><a href=\"https:\/\/youtu.be\/gQemhbQ6EZA\">Pourquoi opter pour une protection anti-DDoS permanente<\/a><\/h4>\t\t<\/div>\n\t\t\t\t<\/div>\n\t\t\t\t<div class=\"elementor-element elementor-element-9b790ba elementor-aspect-ratio-169 elementor-widget elementor-widget-video\" data-id=\"9b790ba\" data-element_type=\"widget\" data-settings=\"{&quot;youtube_url&quot;:&quot;https:\\\/\\\/youtu.be\\\/gQemhbQ6EZA&quot;,&quot;video_type&quot;:&quot;youtube&quot;,&quot;aspect_ratio&quot;:&quot;169&quot;}\" data-widget_type=\"video.default\">\n\t\t\t\t<div class=\"elementor-widget-container\">\n\t\t\t\t\t<div class=\"elementor-wrapper elementor-fit-aspect-ratio elementor-open-inline\">\n\t\t\t<div class=\"elementor-video\"><\/div>\t\t<\/div>\n\t\t\t\t<\/div>\n\t\t\t\t<\/div>\n\t\t\t\t<div class=\"elementor-element elementor-element-b00612f elementor-align-center elementor-widget elementor-widget-button\" data-id=\"b00612f\" data-element_type=\"widget\" data-widget_type=\"button.default\">\n\t\t\t\t<div class=\"elementor-widget-container\">\n\t\t\t\t\t<div class=\"elementor-button-wrapper\">\n\t\t\t<a href=\"https:\/\/pragma-security.com\/index.php\/webinar\/\" class=\"elementor-button-link elementor-button elementor-size-sm\" role=\"button\">\n\t\t\t\t\t\t<span class=\"elementor-button-content-wrapper\">\n\t\t\t\t\t\t<span class=\"elementor-button-text\">Tous les webinars<\/span>\n\t\t<\/span>\n\t\t\t\t\t<\/a>\n\t\t<\/div>\n\t\t\t\t<\/div>\n\t\t\t\t<\/div>\n\t\t\t\t\t\t<\/div>\n\t\t\t\t\t<\/div>\n\t\t<\/div>\n\t\t\t\t<div class=\"aux-parallax-section elementor-column elementor-col-50 elementor-top-column elementor-element elementor-element-b5f5371\" data-id=\"b5f5371\" data-element_type=\"column\">\n\t\t\t<div class=\"elementor-column-wrap elementor-element-populated\">\n\t\t\t\t\t\t\t<div class=\"elementor-widget-wrap\">\n\t\t\t\t\t\t<div class=\"elementor-element elementor-element-9f72649 elementor-widget elementor-widget-heading\" data-id=\"9f72649\" data-element_type=\"widget\" data-widget_type=\"heading.default\">\n\t\t\t\t<div class=\"elementor-widget-container\">\n\t\t\t<h3 class=\"elementor-heading-title elementor-size-default\"><a href=\"https:\/\/pragma-security.com\/index.php\/blog-cybersecurite\/\">Blog<\/a><\/h3>\t\t<\/div>\n\t\t\t\t<\/div>\n\t\t\t\t<div class=\"elementor-element elementor-element-44a45e9 elementor-widget elementor-widget-heading\" data-id=\"44a45e9\" data-element_type=\"widget\" data-widget_type=\"heading.default\">\n\t\t\t\t<div class=\"elementor-widget-container\">\n\t\t\t<h4 class=\"elementor-heading-title elementor-size-default\"><a href=\"https:\/\/pragma-security.com\/index.php\/2019\/11\/05\/attaques-ddos-sites-paris-francais\/\">Une campagne d'attaques DDoS par amplification cible les sites de paris en ligne fran\u00e7ais<\/a><\/h4>\t\t<\/div>\n\t\t\t\t<\/div>\n\t\t\t\t<div class=\"elementor-element elementor-element-c2a7759 elementor-widget elementor-widget-image\" data-id=\"c2a7759\" data-element_type=\"widget\" data-widget_type=\"image.default\">\n\t\t\t\t<div class=\"elementor-widget-container\">\n\t\t\t\t\t\t\t\t<div class=\"elementor-image\">\n\t\t\t\t\t\t\t\t\t\t\t\t\t<a href=\"https:\/\/pragma-security.com\/index.php\/2019\/11\/05\/attaques-ddos-sites-paris-francais\/\">\n\t\t\t\t\t\t\t<img decoding=\"async\" src=\"https:\/\/pragma-security.com\/wp-content\/uploads\/elementor\/thumbs\/ball-63527_1920-ogb6g0egywio1d8zjbviktoihhnd7xfg4rg35tqb6o.jpg\" title=\"ball-63527_1920\" alt=\"ball-63527_1920\" \/>\t\t\t\t\t\t\t\t<\/a>\n\t\t\t\t\t\t\t\t\t\t\t\t\t\t<\/div>\n\t\t\t\t\t\t<\/div>\n\t\t\t\t<\/div>\n\t\t\t\t<div class=\"elementor-element elementor-element-8594a3e elementor-align-center elementor-widget elementor-widget-button\" data-id=\"8594a3e\" data-element_type=\"widget\" data-widget_type=\"button.default\">\n\t\t\t\t<div class=\"elementor-widget-container\">\n\t\t\t\t\t<div class=\"elementor-button-wrapper\">\n\t\t\t<a href=\"https:\/\/pragma-security.com\/index.php\/blog-cybersecurite\/\" class=\"elementor-button-link elementor-button elementor-size-sm\" role=\"button\">\n\t\t\t\t\t\t<span class=\"elementor-button-content-wrapper\">\n\t\t\t\t\t\t<span class=\"elementor-button-text\">Tous les blogposts<\/span>\n\t\t<\/span>\n\t\t\t\t\t<\/a>\n\t\t<\/div>\n\t\t\t\t<\/div>\n\t\t\t\t<\/div>\n\t\t\t\t\t\t<\/div>\n\t\t\t\t\t<\/div>\n\t\t<\/div>\n\t\t\t\t\t\t\t\t<\/div>\n\t\t\t\t\t<\/div>\n\t\t<\/section>\n\t\t\t\t<section class=\"elementor-section elementor-top-section elementor-element elementor-element-2e62080 elementor-section-boxed elementor-section-height-default elementor-section-height-default\" data-id=\"2e62080\" data-element_type=\"section\" data-settings=\"{&quot;background_background&quot;:&quot;classic&quot;}\">\n\t\t\t\t\t\t\t<div class=\"elementor-background-overlay\"><\/div>\n\t\t\t\t\t\t\t<div class=\"elementor-container elementor-column-gap-default\">\n\t\t\t\t\t\t\t<div class=\"elementor-row\">\n\t\t\t\t\t<div class=\"aux-parallax-section elementor-column elementor-col-100 elementor-top-column elementor-element elementor-element-65098275\" data-id=\"65098275\" data-element_type=\"column\">\n\t\t\t<div class=\"elementor-column-wrap elementor-element-populated\">\n\t\t\t\t\t\t\t<div class=\"elementor-widget-wrap\">\n\t\t\t\t\t\t<div class=\"elementor-element elementor-element-36620c48 elementor-widget elementor-widget-heading\" data-id=\"36620c48\" data-element_type=\"widget\" data-widget_type=\"heading.default\">\n\t\t\t\t<div class=\"elementor-widget-container\">\n\t\t\t<h2 class=\"elementor-heading-title elementor-size-large\">CONTACTEZ-NOUS<\/h2>\t\t<\/div>\n\t\t\t\t<\/div>\n\t\t\t\t<div class=\"elementor-element elementor-element-712d2fe7 elementor-widget elementor-widget-heading\" data-id=\"712d2fe7\" data-element_type=\"widget\" data-widget_type=\"heading.default\">\n\t\t\t\t<div class=\"elementor-widget-container\">\n\t\t\t<p class=\"elementor-heading-title elementor-size-medium\">Vous avez des questions, souhaitez recevoir une d\u00e9mo ou nous rencontrer? C'est par ici!<\/p>\t\t<\/div>\n\t\t\t\t<\/div>\n\t\t\t\t<div class=\"elementor-element elementor-element-4cb613ad elementor-widget elementor-widget-button\" data-id=\"4cb613ad\" data-element_type=\"widget\" data-widget_type=\"button.default\">\n\t\t\t\t<div class=\"elementor-widget-container\">\n\t\t\t\t\t<div class=\"elementor-button-wrapper\">\n\t\t\t<a href=\"http:\/\/pragma-security.com\/index.php\/contact\/\" class=\"elementor-button-link elementor-button elementor-size-md\" role=\"button\">\n\t\t\t\t\t\t<span class=\"elementor-button-content-wrapper\">\n\t\t\t\t\t\t<span class=\"elementor-button-text\">FORMULAIRE DE CONTACT<\/span>\n\t\t<\/span>\n\t\t\t\t\t<\/a>\n\t\t<\/div>\n\t\t\t\t<\/div>\n\t\t\t\t<\/div>\n\t\t\t\t\t\t<\/div>\n\t\t\t\t\t<\/div>\n\t\t<\/div>\n\t\t\t\t\t\t\t\t<\/div>\n\t\t\t\t\t<\/div>\n\t\t<\/section>\n\t\t\t\t<section class=\"elementor-section elementor-top-section elementor-element elementor-element-109db72c elementor-section-boxed elementor-section-height-default elementor-section-height-default\" data-id=\"109db72c\" data-element_type=\"section\">\n\t\t\t\t\t\t<div class=\"elementor-container elementor-column-gap-default\">\n\t\t\t\t\t\t\t<div class=\"elementor-row\">\n\t\t\t\t\t<div class=\"aux-parallax-section elementor-column elementor-col-100 elementor-top-column elementor-element elementor-element-1aca6ec3\" data-id=\"1aca6ec3\" data-element_type=\"column\">\n\t\t\t<div class=\"elementor-column-wrap elementor-element-populated\">\n\t\t\t\t\t\t\t<div class=\"elementor-widget-wrap\">\n\t\t\t\t\t\t<div class=\"elementor-element elementor-element-259b5680 elementor-widget elementor-widget-spacer\" data-id=\"259b5680\" data-element_type=\"widget\" data-widget_type=\"spacer.default\">\n\t\t\t\t<div class=\"elementor-widget-container\">\n\t\t\t\t\t<div class=\"elementor-spacer\">\n\t\t\t<div class=\"elementor-spacer-inner\"><\/div>\n\t\t<\/div>\n\t\t\t\t<\/div>\n\t\t\t\t<\/div>\n\t\t\t\t<div class=\"elementor-element elementor-element-2ed2cc44 elementor-widget elementor-widget-heading\" data-id=\"2ed2cc44\" data-element_type=\"widget\" data-widget_type=\"heading.default\">\n\t\t\t\t<div class=\"elementor-widget-container\">\n\t\t\t<h5 class=\"elementor-heading-title elementor-size-medium\">Nous sommes aussi sur les r\u00e9seaux sociaux<\/h5>\t\t<\/div>\n\t\t\t\t<\/div>\n\t\t\t\t<div class=\"elementor-element elementor-element-ef20318 elementor-widget elementor-widget-spacer\" data-id=\"ef20318\" data-element_type=\"widget\" data-widget_type=\"spacer.default\">\n\t\t\t\t<div class=\"elementor-widget-container\">\n\t\t\t\t\t<div class=\"elementor-spacer\">\n\t\t\t<div class=\"elementor-spacer-inner\"><\/div>\n\t\t<\/div>\n\t\t\t\t<\/div>\n\t\t\t\t<\/div>\n\t\t\t\t<div class=\"elementor-element elementor-element-54f7ad65 elementor-shape-circle elementor-grid-0 e-grid-align-center elementor-widget elementor-widget-social-icons\" data-id=\"54f7ad65\" data-element_type=\"widget\" data-widget_type=\"social-icons.default\">\n\t\t\t\t<div class=\"elementor-widget-container\">\n\t\t\t\t\t<div class=\"elementor-social-icons-wrapper elementor-grid\">\n\t\t\t\t\t\t\t<span class=\"elementor-grid-item\">\n\t\t\t\t\t<a class=\"elementor-icon elementor-social-icon elementor-social-icon-facebook elementor-repeater-item-6733628\" href=\"https:\/\/web.facebook.com\/pragmasec\/\" target=\"_blank\">\n\t\t\t\t\t\t<span class=\"elementor-screen-only\">Facebook<\/span>\n\t\t\t\t\t\t\t\t\t\t\t\t\t<i class=\"fa fa-facebook\"><\/i>\n\t\t\t\t\t\t\t\t\t\t\t<\/a>\n\t\t\t\t<\/span>\n\t\t\t\t\t\t\t<span class=\"elementor-grid-item\">\n\t\t\t\t\t<a class=\"elementor-icon elementor-social-icon elementor-social-icon-twitter elementor-repeater-item-4c75ed4\" href=\"https:\/\/www.twitter.com\/pragmasecurity\" target=\"_blank\">\n\t\t\t\t\t\t<span class=\"elementor-screen-only\">Twitter<\/span>\n\t\t\t\t\t\t\t\t\t\t\t\t\t<i class=\"fa fa-twitter\"><\/i>\n\t\t\t\t\t\t\t\t\t\t\t<\/a>\n\t\t\t\t<\/span>\n\t\t\t\t\t\t\t<span class=\"elementor-grid-item\">\n\t\t\t\t\t<a class=\"elementor-icon elementor-social-icon elementor-social-icon-linkedin elementor-repeater-item-fe95a66\" href=\"https:\/\/www.linkedin.com\/company\/pragma-security\" target=\"_blank\">\n\t\t\t\t\t\t<span class=\"elementor-screen-only\">Linkedin<\/span>\n\t\t\t\t\t\t\t\t\t\t\t\t\t<i class=\"fa fa-linkedin\"><\/i>\n\t\t\t\t\t\t\t\t\t\t\t<\/a>\n\t\t\t\t<\/span>\n\t\t\t\t\t<\/div>\n\t\t\t\t<\/div>\n\t\t\t\t<\/div>\n\t\t\t\t\t\t<\/div>\n\t\t\t\t\t<\/div>\n\t\t<\/div>\n\t\t\t\t\t\t\t\t<\/div>\n\t\t\t\t\t<\/div>\n\t\t<\/section>\n\t\t\t\t\t\t\t\t\t<\/div>\n\t\t\t<\/div>\n\t\t\t\t\t<\/div>\n\t\t","protected":false},"excerpt":{"rendered":"<p>RESSOURCES Webinars Pourquoi opter pour une protection anti-DDoS permanente Tous les webinars Blog Une campagne d&rsquo;attaques DDoS par amplification cible les sites de paris en ligne fran\u00e7ais Tous les blogposts CONTACTEZ-NOUS Vous avez des questions, souhaitez recevoir une d\u00e9mo ou nous rencontrer? C&rsquo;est par ici! FORMULAIRE DE CONTACT Nous sommes aussi sur les r\u00e9seaux sociaux [&hellip;]<\/p>\n","protected":false},"author":2,"featured_media":0,"parent":0,"menu_order":0,"comment_status":"closed","ping_status":"closed","template":"","meta":{"_mi_skip_tracking":false},"yoast_head":"<!-- This site is optimized with the Yoast SEO plugin v19.13 - https:\/\/yoast.com\/wordpress\/plugins\/seo\/ -->\n<title>Ressources - Pragma Security<\/title>\n<meta name=\"robots\" content=\"index, follow, max-snippet:-1, max-image-preview:large, max-video-preview:-1\" \/>\n<link rel=\"canonical\" href=\"https:\/\/pragma-security.com\/index.php\/ressources\/\" \/>\n<meta property=\"og:locale\" content=\"fr_FR\" \/>\n<meta property=\"og:type\" content=\"article\" \/>\n<meta property=\"og:title\" content=\"Ressources - Pragma Security\" \/>\n<meta property=\"og:description\" content=\"RESSOURCES Webinars Pourquoi opter pour une protection anti-DDoS permanente Tous les webinars Blog Une campagne d&rsquo;attaques DDoS par amplification cible les sites de paris en ligne fran\u00e7ais Tous les blogposts CONTACTEZ-NOUS Vous avez des questions, souhaitez recevoir une d\u00e9mo ou nous rencontrer? C&rsquo;est par ici! FORMULAIRE DE CONTACT Nous sommes aussi sur les r\u00e9seaux sociaux [&hellip;]\" \/>\n<meta property=\"og:url\" content=\"https:\/\/pragma-security.com\/index.php\/ressources\/\" \/>\n<meta property=\"og:site_name\" content=\"Pragma Security\" \/>\n<meta property=\"article:modified_time\" content=\"2020-07-21T17:58:20+00:00\" \/>\n<meta property=\"og:image\" content=\"https:\/\/pragma-security.com\/wp-content\/uploads\/elementor\/thumbs\/ball-63527_1920-ogb6g0egywio1d8zjbviktoihhnd7xfg4rg35tqb6o.jpg\" \/>\n<meta name=\"twitter:card\" content=\"summary_large_image\" \/>\n<script type=\"application\/ld+json\" class=\"yoast-schema-graph\">{\"@context\":\"https:\/\/schema.org\",\"@graph\":[{\"@type\":\"WebPage\",\"@id\":\"https:\/\/pragma-security.com\/index.php\/ressources\/\",\"url\":\"https:\/\/pragma-security.com\/index.php\/ressources\/\",\"name\":\"Ressources - Pragma Security\",\"isPartOf\":{\"@id\":\"https:\/\/pragma-security.com\/#website\"},\"datePublished\":\"2020-06-04T13:47:12+00:00\",\"dateModified\":\"2020-07-21T17:58:20+00:00\",\"breadcrumb\":{\"@id\":\"https:\/\/pragma-security.com\/index.php\/ressources\/#breadcrumb\"},\"inLanguage\":\"fr-FR\",\"potentialAction\":[{\"@type\":\"ReadAction\",\"target\":[\"https:\/\/pragma-security.com\/index.php\/ressources\/\"]}]},{\"@type\":\"BreadcrumbList\",\"@id\":\"https:\/\/pragma-security.com\/index.php\/ressources\/#breadcrumb\",\"itemListElement\":[{\"@type\":\"ListItem\",\"position\":1,\"name\":\"Accueil\",\"item\":\"https:\/\/pragma-security.com\/\"},{\"@type\":\"ListItem\",\"position\":2,\"name\":\"Ressources\"}]},{\"@type\":\"WebSite\",\"@id\":\"https:\/\/pragma-security.com\/#website\",\"url\":\"https:\/\/pragma-security.com\/\",\"name\":\"Pragma Security\",\"description\":\"Protection anti-DDoS | DNS | WAF\",\"publisher\":{\"@id\":\"https:\/\/pragma-security.com\/#organization\"},\"potentialAction\":[{\"@type\":\"SearchAction\",\"target\":{\"@type\":\"EntryPoint\",\"urlTemplate\":\"https:\/\/pragma-security.com\/?s={search_term_string}\"},\"query-input\":\"required name=search_term_string\"}],\"inLanguage\":\"fr-FR\"},{\"@type\":\"Organization\",\"@id\":\"https:\/\/pragma-security.com\/#organization\",\"name\":\"Pragma Security\",\"url\":\"https:\/\/pragma-security.com\/\",\"logo\":{\"@type\":\"ImageObject\",\"inLanguage\":\"fr-FR\",\"@id\":\"https:\/\/pragma-security.com\/#\/schema\/logo\/image\/\",\"url\":\"https:\/\/pragma-security.com\/wp-content\/uploads\/2018\/01\/Pragma-JPG.jpg\",\"contentUrl\":\"https:\/\/pragma-security.com\/wp-content\/uploads\/2018\/01\/Pragma-JPG.jpg\",\"width\":436,\"height\":394,\"caption\":\"Pragma Security\"},\"image\":{\"@id\":\"https:\/\/pragma-security.com\/#\/schema\/logo\/image\/\"}}]}<\/script>\n<!-- \/ Yoast SEO plugin. -->","yoast_head_json":{"title":"Ressources - Pragma Security","robots":{"index":"index","follow":"follow","max-snippet":"max-snippet:-1","max-image-preview":"max-image-preview:large","max-video-preview":"max-video-preview:-1"},"canonical":"https:\/\/pragma-security.com\/index.php\/ressources\/","og_locale":"fr_FR","og_type":"article","og_title":"Ressources - Pragma Security","og_description":"RESSOURCES Webinars Pourquoi opter pour une protection anti-DDoS permanente Tous les webinars Blog Une campagne d&rsquo;attaques DDoS par amplification cible les sites de paris en ligne fran\u00e7ais Tous les blogposts CONTACTEZ-NOUS Vous avez des questions, souhaitez recevoir une d\u00e9mo ou nous rencontrer? C&rsquo;est par ici! FORMULAIRE DE CONTACT Nous sommes aussi sur les r\u00e9seaux sociaux [&hellip;]","og_url":"https:\/\/pragma-security.com\/index.php\/ressources\/","og_site_name":"Pragma Security","article_modified_time":"2020-07-21T17:58:20+00:00","og_image":[{"url":"https:\/\/pragma-security.com\/wp-content\/uploads\/elementor\/thumbs\/ball-63527_1920-ogb6g0egywio1d8zjbviktoihhnd7xfg4rg35tqb6o.jpg"}],"twitter_card":"summary_large_image","schema":{"@context":"https:\/\/schema.org","@graph":[{"@type":"WebPage","@id":"https:\/\/pragma-security.com\/index.php\/ressources\/","url":"https:\/\/pragma-security.com\/index.php\/ressources\/","name":"Ressources - Pragma Security","isPartOf":{"@id":"https:\/\/pragma-security.com\/#website"},"datePublished":"2020-06-04T13:47:12+00:00","dateModified":"2020-07-21T17:58:20+00:00","breadcrumb":{"@id":"https:\/\/pragma-security.com\/index.php\/ressources\/#breadcrumb"},"inLanguage":"fr-FR","potentialAction":[{"@type":"ReadAction","target":["https:\/\/pragma-security.com\/index.php\/ressources\/"]}]},{"@type":"BreadcrumbList","@id":"https:\/\/pragma-security.com\/index.php\/ressources\/#breadcrumb","itemListElement":[{"@type":"ListItem","position":1,"name":"Accueil","item":"https:\/\/pragma-security.com\/"},{"@type":"ListItem","position":2,"name":"Ressources"}]},{"@type":"WebSite","@id":"https:\/\/pragma-security.com\/#website","url":"https:\/\/pragma-security.com\/","name":"Pragma Security","description":"Protection anti-DDoS | DNS | WAF","publisher":{"@id":"https:\/\/pragma-security.com\/#organization"},"potentialAction":[{"@type":"SearchAction","target":{"@type":"EntryPoint","urlTemplate":"https:\/\/pragma-security.com\/?s={search_term_string}"},"query-input":"required name=search_term_string"}],"inLanguage":"fr-FR"},{"@type":"Organization","@id":"https:\/\/pragma-security.com\/#organization","name":"Pragma Security","url":"https:\/\/pragma-security.com\/","logo":{"@type":"ImageObject","inLanguage":"fr-FR","@id":"https:\/\/pragma-security.com\/#\/schema\/logo\/image\/","url":"https:\/\/pragma-security.com\/wp-content\/uploads\/2018\/01\/Pragma-JPG.jpg","contentUrl":"https:\/\/pragma-security.com\/wp-content\/uploads\/2018\/01\/Pragma-JPG.jpg","width":436,"height":394,"caption":"Pragma Security"},"image":{"@id":"https:\/\/pragma-security.com\/#\/schema\/logo\/image\/"}}]}},"_links":{"self":[{"href":"https:\/\/pragma-security.com\/index.php\/wp-json\/wp\/v2\/pages\/1129"}],"collection":[{"href":"https:\/\/pragma-security.com\/index.php\/wp-json\/wp\/v2\/pages"}],"about":[{"href":"https:\/\/pragma-security.com\/index.php\/wp-json\/wp\/v2\/types\/page"}],"author":[{"embeddable":true,"href":"https:\/\/pragma-security.com\/index.php\/wp-json\/wp\/v2\/users\/2"}],"replies":[{"embeddable":true,"href":"https:\/\/pragma-security.com\/index.php\/wp-json\/wp\/v2\/comments?post=1129"}],"version-history":[{"count":6,"href":"https:\/\/pragma-security.com\/index.php\/wp-json\/wp\/v2\/pages\/1129\/revisions"}],"predecessor-version":[{"id":1304,"href":"https:\/\/pragma-security.com\/index.php\/wp-json\/wp\/v2\/pages\/1129\/revisions\/1304"}],"wp:attachment":[{"href":"https:\/\/pragma-security.com\/index.php\/wp-json\/wp\/v2\/media?parent=1129"}],"curies":[{"name":"wp","href":"https:\/\/api.w.org\/{rel}","templated":true}]}}